{"id":3308,"date":"2026-04-10T18:07:15","date_gmt":"2026-04-10T16:07:15","guid":{"rendered":"https:\/\/shop.trashfire.fr\/?post_type=product&#038;p=3308"},"modified":"2026-04-11T00:24:46","modified_gmt":"2026-04-10T22:24:46","slug":"the-orc-ranger","status":"publish","type":"product","link":"https:\/\/shop.trashfire.fr\/en\/produit\/the-orc-ranger\/","title":{"rendered":"Le r\u00f4deur orc"},"content":{"rendered":"<p>\u00ab H\u00e9, regarde l\u00e0-bas, la clairi\u00e8re. Les arbres n&#8217;ont pas \u00e9t\u00e9 coup\u00e9s la semaine derni\u00e8re. Je croyais que tu \u00e9tais s\u00fbr que c&#8217;\u00e9tait une zone sauvage\u2026 Il va falloir redoubler de vigilance, on ne peut pas se permettre une attaque du camp ou le vol du mat\u00e9riel du client. Toi et tes contrats louches\u2026 \u00bb<\/p>\n<p>Une figurine imprim\u00e9e en r\u00e9sine ABS like, la couleur peut varier.<\/p>\n","protected":false},"excerpt":{"rendered":"<p>\u00ab H\u00e9, regarde l\u00e0-bas, la clairi\u00e8re. Les arbres n&#8217;ont pas \u00e9t\u00e9 coup\u00e9s la semaine derni\u00e8re. Je croyais que tu \u00e9tais s\u00fbr que c&#8217;\u00e9tait une zone sauvage\u2026 Il va falloir redoubler de vigilance, on ne peut pas se permettre une attaque du camp ou le vol du mat\u00e9riel du client. Toi et tes contrats louches\u2026 \u00bb [&hellip;]<\/p>\n","protected":false},"featured_media":1733,"template":"","meta":{"_coblocks_attr":"","_coblocks_dimensions":"","_coblocks_responsive_height":"","_coblocks_accordion_ie_support":"","hide_page_title":""},"product_brand":[57],"product_cat":[28,47],"product_tag":[18,19,86],"class_list":{"0":"post-3308","1":"product","2":"type-product","3":"status-publish","4":"has-post-thumbnail","6":"product_brand-vae-victis-miniatures","7":"product_cat-fantasy","8":"product_cat-vae-victis-miniatures","9":"product_tag-figurines","10":"product_tag-impression-3d","11":"product_tag-orc","13":"first","14":"instock","15":"taxable","16":"shipping-taxable","17":"purchasable","18":"product-type-simple"},"_links":{"self":[{"href":"https:\/\/shop.trashfire.fr\/en\/wp-json\/wp\/v2\/product\/3308","targetHints":{"allow":["GET"]}}],"collection":[{"href":"https:\/\/shop.trashfire.fr\/en\/wp-json\/wp\/v2\/product"}],"about":[{"href":"https:\/\/shop.trashfire.fr\/en\/wp-json\/wp\/v2\/types\/product"}],"wp:featuredmedia":[{"embeddable":true,"href":"https:\/\/shop.trashfire.fr\/en\/wp-json\/wp\/v2\/media\/1733"}],"wp:attachment":[{"href":"https:\/\/shop.trashfire.fr\/en\/wp-json\/wp\/v2\/media?parent=3308"}],"wp:term":[{"taxonomy":"product_brand","embeddable":true,"href":"https:\/\/shop.trashfire.fr\/en\/wp-json\/wp\/v2\/product_brand?post=3308"},{"taxonomy":"product_cat","embeddable":true,"href":"https:\/\/shop.trashfire.fr\/en\/wp-json\/wp\/v2\/product_cat?post=3308"},{"taxonomy":"product_tag","embeddable":true,"href":"https:\/\/shop.trashfire.fr\/en\/wp-json\/wp\/v2\/product_tag?post=3308"}],"curies":[{"name":"wp","href":"https:\/\/api.w.org\/{rel}","templated":true}]}}