{"id":3309,"date":"2026-04-10T18:07:17","date_gmt":"2026-04-10T16:07:17","guid":{"rendered":"https:\/\/shop.trashfire.fr\/?post_type=product&#038;p=3309"},"modified":"2026-04-11T00:28:40","modified_gmt":"2026-04-10T22:28:40","slug":"the-old-explorer","status":"publish","type":"product","link":"https:\/\/shop.trashfire.fr\/en\/produit\/the-old-explorer\/","title":{"rendered":"Le vieil explorateur"},"content":{"rendered":"<p>Enfin ! Je vais pouvoir vivre ma grande aventure, c&#8217;est tellement excitant ! J&#8217;esp\u00e8re que je n&#8217;oublie rien d&#8217;important\u2026 Bon, bon, je me pr\u00e9pare depuis des ann\u00e9es, il est temps de partir !<\/p>\n<p>Une figurine imprim\u00e9e en r\u00e9sine ABS like, la couleur peut varier.<\/p>\n","protected":false},"excerpt":{"rendered":"<p>Enfin ! Je vais pouvoir vivre ma grande aventure, c&#8217;est tellement excitant ! J&#8217;esp\u00e8re que je n&#8217;oublie rien d&#8217;important\u2026 Bon, bon, je me pr\u00e9pare depuis des ann\u00e9es, il est temps de partir ! Une figurine imprim\u00e9e en r\u00e9sine ABS like, la couleur peut varier.<\/p>\n","protected":false},"featured_media":1734,"template":"","meta":{"_coblocks_attr":"","_coblocks_dimensions":"","_coblocks_responsive_height":"","_coblocks_accordion_ie_support":"","hide_page_title":""},"product_brand":[57],"product_cat":[28,47],"product_tag":[18,19],"class_list":{"0":"post-3309","1":"product","2":"type-product","3":"status-publish","4":"has-post-thumbnail","6":"product_brand-vae-victis-miniatures","7":"product_cat-fantasy","8":"product_cat-vae-victis-miniatures","9":"product_tag-figurines","10":"product_tag-impression-3d","12":"first","13":"instock","14":"taxable","15":"shipping-taxable","16":"purchasable","17":"product-type-simple"},"_links":{"self":[{"href":"https:\/\/shop.trashfire.fr\/en\/wp-json\/wp\/v2\/product\/3309","targetHints":{"allow":["GET"]}}],"collection":[{"href":"https:\/\/shop.trashfire.fr\/en\/wp-json\/wp\/v2\/product"}],"about":[{"href":"https:\/\/shop.trashfire.fr\/en\/wp-json\/wp\/v2\/types\/product"}],"wp:featuredmedia":[{"embeddable":true,"href":"https:\/\/shop.trashfire.fr\/en\/wp-json\/wp\/v2\/media\/1734"}],"wp:attachment":[{"href":"https:\/\/shop.trashfire.fr\/en\/wp-json\/wp\/v2\/media?parent=3309"}],"wp:term":[{"taxonomy":"product_brand","embeddable":true,"href":"https:\/\/shop.trashfire.fr\/en\/wp-json\/wp\/v2\/product_brand?post=3309"},{"taxonomy":"product_cat","embeddable":true,"href":"https:\/\/shop.trashfire.fr\/en\/wp-json\/wp\/v2\/product_cat?post=3309"},{"taxonomy":"product_tag","embeddable":true,"href":"https:\/\/shop.trashfire.fr\/en\/wp-json\/wp\/v2\/product_tag?post=3309"}],"curies":[{"name":"wp","href":"https:\/\/api.w.org\/{rel}","templated":true}]}}