{"id":3313,"date":"2026-04-10T18:04:36","date_gmt":"2026-04-10T16:04:36","guid":{"rendered":"https:\/\/shop.trashfire.fr\/?post_type=product&#038;p=3313"},"modified":"2026-04-10T23:55:16","modified_gmt":"2026-04-10T21:55:16","slug":"the-aspiring-adventurer","status":"publish","type":"product","link":"https:\/\/shop.trashfire.fr\/en\/produit\/the-aspiring-adventurer\/","title":{"rendered":"L&#8217;aventurier en herbe"},"content":{"rendered":"<p>La petite tieffeline ajuste son sac et court rattraper le groupe. Elle se dirige vers la cartographe, qui consulte sa carte. \u2014 H\u00e9, h\u00e9, c&#8217;est loin ? Pourriez-vous me montrer sur la carte s&#8217;il y a quelque chose d&#8217;int\u00e9ressant \u00e0 voir ? Sans attendre de r\u00e9ponse, elle court vers le r\u00f4deur. \u2014 Pourriez-vous m&#8217;apprendre \u00e0 tirer \u00e0 l&#8217;arc ? Mon fr\u00e8re n&#8217;a jamais voulu, il disait que j&#8217;\u00e9tais trop jeune ! Et vous ? \u2014 Hmm, pourquoi pas ! On verra bien une fois sur place ! Elle pousse un \u00ab youpi ! \u00bb d&#8217;enthousiasme et sprinte pour rattraper l&#8217;orque qui ouvre la marche. \u2014 Pourquoi es-tu devant ? Elle aper\u00e7oit l&#8217;\u00e9p\u00e9e longue \u00e0 son c\u00f4t\u00e9. \u2014 Waouh ! Tu es la plus forte ? Je suis s\u00fbre que tu as d\u00e9j\u00e0 combattu des dragons ! Je veux te ressembler quand je serai grand(e) !<\/p>\n<p>Une figurine imprim\u00e9e en r\u00e9sine ABS like, la couleur peut varier.<\/p>\n","protected":false},"excerpt":{"rendered":"<p>La petite tieffeline ajuste son sac et court rattraper le groupe. Elle se dirige vers la cartographe, qui consulte sa carte. \u2014 H\u00e9, h\u00e9, c&#8217;est loin ? Pourriez-vous me montrer sur la carte s&#8217;il y a quelque chose d&#8217;int\u00e9ressant \u00e0 voir ? Sans attendre de r\u00e9ponse, elle court vers le r\u00f4deur. \u2014 Pourriez-vous m&#8217;apprendre \u00e0 [&hellip;]<\/p>\n","protected":false},"featured_media":1738,"template":"","meta":{"_coblocks_attr":"","_coblocks_dimensions":"","_coblocks_responsive_height":"","_coblocks_accordion_ie_support":"","hide_page_title":""},"product_brand":[57],"product_cat":[28,47],"product_tag":[18,19],"class_list":{"0":"post-3313","1":"product","2":"type-product","3":"status-publish","4":"has-post-thumbnail","6":"product_brand-vae-victis-miniatures","7":"product_cat-fantasy","8":"product_cat-vae-victis-miniatures","9":"product_tag-figurines","10":"product_tag-impression-3d","12":"first","13":"instock","14":"taxable","15":"shipping-taxable","16":"purchasable","17":"product-type-simple"},"_links":{"self":[{"href":"https:\/\/shop.trashfire.fr\/en\/wp-json\/wp\/v2\/product\/3313","targetHints":{"allow":["GET"]}}],"collection":[{"href":"https:\/\/shop.trashfire.fr\/en\/wp-json\/wp\/v2\/product"}],"about":[{"href":"https:\/\/shop.trashfire.fr\/en\/wp-json\/wp\/v2\/types\/product"}],"wp:featuredmedia":[{"embeddable":true,"href":"https:\/\/shop.trashfire.fr\/en\/wp-json\/wp\/v2\/media\/1738"}],"wp:attachment":[{"href":"https:\/\/shop.trashfire.fr\/en\/wp-json\/wp\/v2\/media?parent=3313"}],"wp:term":[{"taxonomy":"product_brand","embeddable":true,"href":"https:\/\/shop.trashfire.fr\/en\/wp-json\/wp\/v2\/product_brand?post=3313"},{"taxonomy":"product_cat","embeddable":true,"href":"https:\/\/shop.trashfire.fr\/en\/wp-json\/wp\/v2\/product_cat?post=3313"},{"taxonomy":"product_tag","embeddable":true,"href":"https:\/\/shop.trashfire.fr\/en\/wp-json\/wp\/v2\/product_tag?post=3313"}],"curies":[{"name":"wp","href":"https:\/\/api.w.org\/{rel}","templated":true}]}}