{"id":3322,"date":"2026-04-10T18:04:35","date_gmt":"2026-04-10T16:04:35","guid":{"rendered":"https:\/\/shop.trashfire.fr\/?post_type=product&#038;p=3322"},"modified":"2026-04-11T00:20:47","modified_gmt":"2026-04-10T22:20:47","slug":"the-tabaxi-merchant","status":"publish","type":"product","link":"https:\/\/shop.trashfire.fr\/en\/produit\/the-tabaxi-merchant\/","title":{"rendered":"Le marchand Tabaxi"},"content":{"rendered":"<p>\u00ab Un marchand ici, au milieu de nulle part ? \u00bb \u00ab Approchez, mon ami ! Si vous avez de l&#8217;or, j&#8217;ai des marchandises pour vous ! M\u00eame si vous ne cherchez rien, je suis s\u00fbr d&#8217;avoir quelque chose qui vous plaira ! Peut-\u00eatre trouverez-vous une lampe magique ? \u00bb \u00ab Pourquoi trouverais-je une lampe magique ? \u00bb \u00ab Oh, vous ne connaissez pas la l\u00e9gende\u2026 \u00bb<\/p>\n<p>Une figurine imprim\u00e9e en r\u00e9sine ABS like, la couleur peut varier.<\/p>\n","protected":false},"excerpt":{"rendered":"<p>\u00ab Un marchand ici, au milieu de nulle part ? \u00bb \u00ab Approchez, mon ami ! Si vous avez de l&#8217;or, j&#8217;ai des marchandises pour vous ! M\u00eame si vous ne cherchez rien, je suis s\u00fbr d&#8217;avoir quelque chose qui vous plaira ! Peut-\u00eatre trouverez-vous une lampe magique ? \u00bb \u00ab Pourquoi trouverais-je une lampe [&hellip;]<\/p>\n","protected":false},"featured_media":1744,"template":"","meta":{"_coblocks_attr":"","_coblocks_dimensions":"","_coblocks_responsive_height":"","_coblocks_accordion_ie_support":"","hide_page_title":""},"product_brand":[57],"product_cat":[28,47],"product_tag":[18,19],"class_list":{"0":"post-3322","1":"product","2":"type-product","3":"status-publish","4":"has-post-thumbnail","6":"product_brand-vae-victis-miniatures","7":"product_cat-fantasy","8":"product_cat-vae-victis-miniatures","9":"product_tag-figurines","10":"product_tag-impression-3d","12":"first","13":"instock","14":"taxable","15":"shipping-taxable","16":"purchasable","17":"product-type-simple"},"_links":{"self":[{"href":"https:\/\/shop.trashfire.fr\/en\/wp-json\/wp\/v2\/product\/3322","targetHints":{"allow":["GET"]}}],"collection":[{"href":"https:\/\/shop.trashfire.fr\/en\/wp-json\/wp\/v2\/product"}],"about":[{"href":"https:\/\/shop.trashfire.fr\/en\/wp-json\/wp\/v2\/types\/product"}],"wp:featuredmedia":[{"embeddable":true,"href":"https:\/\/shop.trashfire.fr\/en\/wp-json\/wp\/v2\/media\/1744"}],"wp:attachment":[{"href":"https:\/\/shop.trashfire.fr\/en\/wp-json\/wp\/v2\/media?parent=3322"}],"wp:term":[{"taxonomy":"product_brand","embeddable":true,"href":"https:\/\/shop.trashfire.fr\/en\/wp-json\/wp\/v2\/product_brand?post=3322"},{"taxonomy":"product_cat","embeddable":true,"href":"https:\/\/shop.trashfire.fr\/en\/wp-json\/wp\/v2\/product_cat?post=3322"},{"taxonomy":"product_tag","embeddable":true,"href":"https:\/\/shop.trashfire.fr\/en\/wp-json\/wp\/v2\/product_tag?post=3322"}],"curies":[{"name":"wp","href":"https:\/\/api.w.org\/{rel}","templated":true}]}}