{"id":3323,"date":"2026-04-10T18:04:34","date_gmt":"2026-04-10T16:04:34","guid":{"rendered":"https:\/\/shop.trashfire.fr\/?post_type=product&#038;p=3323"},"modified":"2026-04-11T00:16:16","modified_gmt":"2026-04-10T22:16:16","slug":"the-sword-dancer","status":"publish","type":"product","link":"https:\/\/shop.trashfire.fr\/en\/produit\/the-sword-dancer\/","title":{"rendered":"Le Danseur d&#8217;\u00c9p\u00e9e"},"content":{"rendered":"<p>\u00ab Les combattants de ce pays pratiquent un art martial tr\u00e8s particulier : la danse du sabre. Difficile de d\u00e9terminer son origine exacte, car c&#8217;est une technique qu&#8217;ils aiment garder secr\u00e8te. Certains disent qu&#8217;elle s&#8217;inspire des terribles tornades du d\u00e9sert ou de la magie tourbillonnante et mortelle des djinns. \u00bb<\/p>\n<p>Une figurine imprim\u00e9e en r\u00e9sine ABS like, la couleur peut varier.<\/p>\n","protected":false},"excerpt":{"rendered":"<p>\u00ab Les combattants de ce pays pratiquent un art martial tr\u00e8s particulier : la danse du sabre. Difficile de d\u00e9terminer son origine exacte, car c&#8217;est une technique qu&#8217;ils aiment garder secr\u00e8te. Certains disent qu&#8217;elle s&#8217;inspire des terribles tornades du d\u00e9sert ou de la magie tourbillonnante et mortelle des djinns. \u00bb Une figurine imprim\u00e9e en r\u00e9sine [&hellip;]<\/p>\n","protected":false},"featured_media":1745,"template":"","meta":{"_coblocks_attr":"","_coblocks_dimensions":"","_coblocks_responsive_height":"","_coblocks_accordion_ie_support":"","hide_page_title":""},"product_brand":[57],"product_cat":[28,47],"product_tag":[18,19],"class_list":{"0":"post-3323","1":"product","2":"type-product","3":"status-publish","4":"has-post-thumbnail","6":"product_brand-vae-victis-miniatures","7":"product_cat-fantasy","8":"product_cat-vae-victis-miniatures","9":"product_tag-figurines","10":"product_tag-impression-3d","12":"first","13":"instock","14":"taxable","15":"shipping-taxable","16":"purchasable","17":"product-type-simple"},"_links":{"self":[{"href":"https:\/\/shop.trashfire.fr\/en\/wp-json\/wp\/v2\/product\/3323","targetHints":{"allow":["GET"]}}],"collection":[{"href":"https:\/\/shop.trashfire.fr\/en\/wp-json\/wp\/v2\/product"}],"about":[{"href":"https:\/\/shop.trashfire.fr\/en\/wp-json\/wp\/v2\/types\/product"}],"wp:featuredmedia":[{"embeddable":true,"href":"https:\/\/shop.trashfire.fr\/en\/wp-json\/wp\/v2\/media\/1745"}],"wp:attachment":[{"href":"https:\/\/shop.trashfire.fr\/en\/wp-json\/wp\/v2\/media?parent=3323"}],"wp:term":[{"taxonomy":"product_brand","embeddable":true,"href":"https:\/\/shop.trashfire.fr\/en\/wp-json\/wp\/v2\/product_brand?post=3323"},{"taxonomy":"product_cat","embeddable":true,"href":"https:\/\/shop.trashfire.fr\/en\/wp-json\/wp\/v2\/product_cat?post=3323"},{"taxonomy":"product_tag","embeddable":true,"href":"https:\/\/shop.trashfire.fr\/en\/wp-json\/wp\/v2\/product_tag?post=3323"}],"curies":[{"name":"wp","href":"https:\/\/api.w.org\/{rel}","templated":true}]}}