{"id":3324,"date":"2026-04-10T18:04:33","date_gmt":"2026-04-10T16:04:33","guid":{"rendered":"https:\/\/shop.trashfire.fr\/?post_type=product&#038;p=3324"},"modified":"2026-04-11T00:09:37","modified_gmt":"2026-04-10T22:09:37","slug":"the-snake-charmer","status":"publish","type":"product","link":"https:\/\/shop.trashfire.fr\/en\/produit\/the-snake-charmer\/","title":{"rendered":"Le charmeur de serpents"},"content":{"rendered":"<p>\u00ab Un charmeur de serpents ? C&#8217;est\u2026 le guide que vous m&#8217;avez trouv\u00e9 ? \u00bbN&#8217;importe quoi ! C&#8217;est un druide, regardez-les, comme ils discutent entre eux. Oui, je sais, quand on pense \u00e0 un druide, on imagine une grande for\u00eat luxuriante, mais la magie est la m\u00eame partout. C&#8217;est un alli\u00e9 puissant, et les animaux qui r\u00f4dent sont dangereux. Vous n&#8217;avez besoin de personne d&#8217;autre, c&#8217;est le meilleur. \u00bb<\/p>\n<p>Une figurine imprim\u00e9e en r\u00e9sine ABS like, la couleur peut varier.<\/p>\n","protected":false},"excerpt":{"rendered":"<p>\u00ab Un charmeur de serpents ? C&#8217;est\u2026 le guide que vous m&#8217;avez trouv\u00e9 ? \u00bbN&#8217;importe quoi ! C&#8217;est un druide, regardez-les, comme ils discutent entre eux. Oui, je sais, quand on pense \u00e0 un druide, on imagine une grande for\u00eat luxuriante, mais la magie est la m\u00eame partout. C&#8217;est un alli\u00e9 puissant, et les animaux [&hellip;]<\/p>\n","protected":false},"featured_media":1799,"template":"","meta":{"_coblocks_attr":"","_coblocks_dimensions":"","_coblocks_responsive_height":"","_coblocks_accordion_ie_support":"","hide_page_title":""},"product_brand":[57],"product_cat":[28,47],"product_tag":[18,19],"class_list":{"0":"post-3324","1":"product","2":"type-product","3":"status-publish","4":"has-post-thumbnail","6":"product_brand-vae-victis-miniatures","7":"product_cat-fantasy","8":"product_cat-vae-victis-miniatures","9":"product_tag-figurines","10":"product_tag-impression-3d","12":"first","13":"instock","14":"taxable","15":"shipping-taxable","16":"purchasable","17":"product-type-simple"},"_links":{"self":[{"href":"https:\/\/shop.trashfire.fr\/en\/wp-json\/wp\/v2\/product\/3324","targetHints":{"allow":["GET"]}}],"collection":[{"href":"https:\/\/shop.trashfire.fr\/en\/wp-json\/wp\/v2\/product"}],"about":[{"href":"https:\/\/shop.trashfire.fr\/en\/wp-json\/wp\/v2\/types\/product"}],"wp:featuredmedia":[{"embeddable":true,"href":"https:\/\/shop.trashfire.fr\/en\/wp-json\/wp\/v2\/media\/1799"}],"wp:attachment":[{"href":"https:\/\/shop.trashfire.fr\/en\/wp-json\/wp\/v2\/media?parent=3324"}],"wp:term":[{"taxonomy":"product_brand","embeddable":true,"href":"https:\/\/shop.trashfire.fr\/en\/wp-json\/wp\/v2\/product_brand?post=3324"},{"taxonomy":"product_cat","embeddable":true,"href":"https:\/\/shop.trashfire.fr\/en\/wp-json\/wp\/v2\/product_cat?post=3324"},{"taxonomy":"product_tag","embeddable":true,"href":"https:\/\/shop.trashfire.fr\/en\/wp-json\/wp\/v2\/product_tag?post=3324"}],"curies":[{"name":"wp","href":"https:\/\/api.w.org\/{rel}","templated":true}]}}