{"id":3326,"date":"2026-04-10T18:04:32","date_gmt":"2026-04-10T16:04:32","guid":{"rendered":"https:\/\/shop.trashfire.fr\/?post_type=product&#038;p=3326"},"modified":"2026-04-11T00:23:39","modified_gmt":"2026-04-10T22:23:39","slug":"the-naga","status":"publish","type":"product","link":"https:\/\/shop.trashfire.fr\/en\/produit\/the-naga\/","title":{"rendered":"Le Naga"},"content":{"rendered":"<p>\u00ab Les Nagas sont rares dans la plupart des r\u00e9gions du monde. Certains en profitent, et les Nagas peuvent ainsi soutirer beaucoup d&#8217;or aux \u00e9trangers, et ce de bien des mani\u00e8res\u2026 \u00bb<\/p>\n<p>Une figurine imprim\u00e9e en r\u00e9sine ABS like, la couleur peut varier.<\/p>\n","protected":false},"excerpt":{"rendered":"<p>\u00ab Les Nagas sont rares dans la plupart des r\u00e9gions du monde. Certains en profitent, et les Nagas peuvent ainsi soutirer beaucoup d&#8217;or aux \u00e9trangers, et ce de bien des mani\u00e8res\u2026 \u00bb Une figurine imprim\u00e9e en r\u00e9sine ABS like, la couleur peut varier.<\/p>\n","protected":false},"featured_media":1800,"template":"","meta":{"_coblocks_attr":"","_coblocks_dimensions":"","_coblocks_responsive_height":"","_coblocks_accordion_ie_support":"","hide_page_title":""},"product_brand":[57],"product_cat":[28,47],"product_tag":[18,19],"class_list":{"0":"post-3326","1":"product","2":"type-product","3":"status-publish","4":"has-post-thumbnail","6":"product_brand-vae-victis-miniatures","7":"product_cat-fantasy","8":"product_cat-vae-victis-miniatures","9":"product_tag-figurines","10":"product_tag-impression-3d","12":"first","13":"instock","14":"taxable","15":"shipping-taxable","16":"purchasable","17":"product-type-simple"},"_links":{"self":[{"href":"https:\/\/shop.trashfire.fr\/en\/wp-json\/wp\/v2\/product\/3326","targetHints":{"allow":["GET"]}}],"collection":[{"href":"https:\/\/shop.trashfire.fr\/en\/wp-json\/wp\/v2\/product"}],"about":[{"href":"https:\/\/shop.trashfire.fr\/en\/wp-json\/wp\/v2\/types\/product"}],"wp:featuredmedia":[{"embeddable":true,"href":"https:\/\/shop.trashfire.fr\/en\/wp-json\/wp\/v2\/media\/1800"}],"wp:attachment":[{"href":"https:\/\/shop.trashfire.fr\/en\/wp-json\/wp\/v2\/media?parent=3326"}],"wp:term":[{"taxonomy":"product_brand","embeddable":true,"href":"https:\/\/shop.trashfire.fr\/en\/wp-json\/wp\/v2\/product_brand?post=3326"},{"taxonomy":"product_cat","embeddable":true,"href":"https:\/\/shop.trashfire.fr\/en\/wp-json\/wp\/v2\/product_cat?post=3326"},{"taxonomy":"product_tag","embeddable":true,"href":"https:\/\/shop.trashfire.fr\/en\/wp-json\/wp\/v2\/product_tag?post=3326"}],"curies":[{"name":"wp","href":"https:\/\/api.w.org\/{rel}","templated":true}]}}