{"id":3333,"date":"2026-04-10T18:04:30","date_gmt":"2026-04-10T16:04:30","guid":{"rendered":"https:\/\/shop.trashfire.fr\/?post_type=product&#038;p=3333"},"modified":"2026-04-10T18:21:39","modified_gmt":"2026-04-10T16:21:39","slug":"banners","status":"publish","type":"product","link":"https:\/\/shop.trashfire.fr\/en\/produit\/banners\/","title":{"rendered":"2 Banni\u00e8res"},"content":{"rendered":"<p>\u00ab\u00a0Chaque roi poss\u00e8de ses armoiries et ses couleurs\u00a0! Flottant souvent haut dans le ciel au-dessus du ch\u00e2teau, ou fi\u00e8rement accroch\u00e9es dans les rues, elles sont toujours de v\u00e9ritables \u0153uvres d&#8217;art, arborant des couleurs \u00e9clatantes et de magnifiques symboles\u00a0!\u00a0\u00bb<\/p>\n<p>Le set comprend 2 variantes.<\/p>\n","protected":false},"excerpt":{"rendered":"<p>\u00ab\u00a0Chaque roi poss\u00e8de ses armoiries et ses couleurs\u00a0! Flottant souvent haut dans le ciel au-dessus du ch\u00e2teau, ou fi\u00e8rement accroch\u00e9es dans les rues, elles sont toujours de v\u00e9ritables \u0153uvres d&#8217;art, arborant des couleurs \u00e9clatantes et de magnifiques symboles\u00a0!\u00a0\u00bb Le set comprend 2 variantes.<\/p>\n","protected":false},"featured_media":1749,"template":"","meta":{"_coblocks_attr":"","_coblocks_dimensions":"","_coblocks_responsive_height":"","_coblocks_accordion_ie_support":"","hide_page_title":""},"product_brand":[57],"product_cat":[28,47],"product_tag":[37,19,20],"class_list":{"0":"post-3333","1":"product","2":"type-product","3":"status-publish","4":"has-post-thumbnail","6":"product_brand-vae-victis-miniatures","7":"product_cat-fantasy","8":"product_cat-vae-victis-miniatures","9":"product_tag-decors","10":"product_tag-impression-3d","11":"product_tag-objectifs","13":"first","14":"instock","15":"taxable","16":"shipping-taxable","17":"purchasable","18":"product-type-simple"},"_links":{"self":[{"href":"https:\/\/shop.trashfire.fr\/en\/wp-json\/wp\/v2\/product\/3333","targetHints":{"allow":["GET"]}}],"collection":[{"href":"https:\/\/shop.trashfire.fr\/en\/wp-json\/wp\/v2\/product"}],"about":[{"href":"https:\/\/shop.trashfire.fr\/en\/wp-json\/wp\/v2\/types\/product"}],"wp:featuredmedia":[{"embeddable":true,"href":"https:\/\/shop.trashfire.fr\/en\/wp-json\/wp\/v2\/media\/1749"}],"wp:attachment":[{"href":"https:\/\/shop.trashfire.fr\/en\/wp-json\/wp\/v2\/media?parent=3333"}],"wp:term":[{"taxonomy":"product_brand","embeddable":true,"href":"https:\/\/shop.trashfire.fr\/en\/wp-json\/wp\/v2\/product_brand?post=3333"},{"taxonomy":"product_cat","embeddable":true,"href":"https:\/\/shop.trashfire.fr\/en\/wp-json\/wp\/v2\/product_cat?post=3333"},{"taxonomy":"product_tag","embeddable":true,"href":"https:\/\/shop.trashfire.fr\/en\/wp-json\/wp\/v2\/product_tag?post=3333"}],"curies":[{"name":"wp","href":"https:\/\/api.w.org\/{rel}","templated":true}]}}