{"id":3336,"date":"2026-04-10T18:04:27","date_gmt":"2026-04-10T16:04:27","guid":{"rendered":"https:\/\/shop.trashfire.fr\/?post_type=product&#038;p=3336"},"modified":"2026-04-11T00:02:10","modified_gmt":"2026-04-10T22:02:10","slug":"the-queen","status":"publish","type":"product","link":"https:\/\/shop.trashfire.fr\/en\/produit\/the-queen\/","title":{"rendered":"La Reine"},"content":{"rendered":"<p>\u00ab Notre Reine est le visage maternel et r\u00e9confortant de notre royaume. Par les dieux, nous avons eu la chance de l&#8217;avoir pendant les ann\u00e9es de guerre du Roi. Elle a maintenu l&#8217;unit\u00e9 du royaume d&#8217;une main de fer, et nous avons prosp\u00e9r\u00e9 m\u00eame dans les moments les plus difficiles. \u00bb<\/p>\n<p>Une figurine imprim\u00e9e en r\u00e9sine ABS like, la couleur peut varier.<\/p>\n","protected":false},"excerpt":{"rendered":"<p>\u00ab Notre Reine est le visage maternel et r\u00e9confortant de notre royaume. Par les dieux, nous avons eu la chance de l&#8217;avoir pendant les ann\u00e9es de guerre du Roi. Elle a maintenu l&#8217;unit\u00e9 du royaume d&#8217;une main de fer, et nous avons prosp\u00e9r\u00e9 m\u00eame dans les moments les plus difficiles. \u00bb Une figurine imprim\u00e9e en [&hellip;]<\/p>\n","protected":false},"featured_media":1751,"template":"","meta":{"_coblocks_attr":"","_coblocks_dimensions":"","_coblocks_responsive_height":"","_coblocks_accordion_ie_support":"","hide_page_title":""},"product_brand":[57],"product_cat":[28,47],"product_tag":[18,19],"class_list":{"0":"post-3336","1":"product","2":"type-product","3":"status-publish","4":"has-post-thumbnail","6":"product_brand-vae-victis-miniatures","7":"product_cat-fantasy","8":"product_cat-vae-victis-miniatures","9":"product_tag-figurines","10":"product_tag-impression-3d","12":"first","13":"instock","14":"taxable","15":"shipping-taxable","16":"purchasable","17":"product-type-simple"},"_links":{"self":[{"href":"https:\/\/shop.trashfire.fr\/en\/wp-json\/wp\/v2\/product\/3336","targetHints":{"allow":["GET"]}}],"collection":[{"href":"https:\/\/shop.trashfire.fr\/en\/wp-json\/wp\/v2\/product"}],"about":[{"href":"https:\/\/shop.trashfire.fr\/en\/wp-json\/wp\/v2\/types\/product"}],"wp:featuredmedia":[{"embeddable":true,"href":"https:\/\/shop.trashfire.fr\/en\/wp-json\/wp\/v2\/media\/1751"}],"wp:attachment":[{"href":"https:\/\/shop.trashfire.fr\/en\/wp-json\/wp\/v2\/media?parent=3336"}],"wp:term":[{"taxonomy":"product_brand","embeddable":true,"href":"https:\/\/shop.trashfire.fr\/en\/wp-json\/wp\/v2\/product_brand?post=3336"},{"taxonomy":"product_cat","embeddable":true,"href":"https:\/\/shop.trashfire.fr\/en\/wp-json\/wp\/v2\/product_cat?post=3336"},{"taxonomy":"product_tag","embeddable":true,"href":"https:\/\/shop.trashfire.fr\/en\/wp-json\/wp\/v2\/product_tag?post=3336"}],"curies":[{"name":"wp","href":"https:\/\/api.w.org\/{rel}","templated":true}]}}