{"id":3337,"date":"2026-04-10T18:04:28","date_gmt":"2026-04-10T16:04:28","guid":{"rendered":"https:\/\/shop.trashfire.fr\/?post_type=product&#038;p=3337"},"modified":"2026-04-11T00:25:04","modified_gmt":"2026-04-10T22:25:04","slug":"the-king","status":"publish","type":"product","link":"https:\/\/shop.trashfire.fr\/en\/produit\/the-king\/","title":{"rendered":"Le roi"},"content":{"rendered":"<p>Tandis que le soleil couchant r\u00e9chauffe votre si\u00e8ge, vous laissez vagabonder vos pens\u00e9es. Des ann\u00e9es de r\u00e8gne, de guerres et de conflits internes vous ont us\u00e9. Vous vous demandez si vous poss\u00e9dez encore le m\u00eame id\u00e9alisme qu&#8217;au jour de votre couronnement. Que pensent-ils de vous ? R\u00e9gnez-vous d&#8217;une main de fer ? \u00cates-vous juste ? \u00bb<\/p>\n<p>Une figurine imprim\u00e9e en r\u00e9sine ABS like, la couleur peut varier.<\/p>\n","protected":false},"excerpt":{"rendered":"<p>Tandis que le soleil couchant r\u00e9chauffe votre si\u00e8ge, vous laissez vagabonder vos pens\u00e9es. Des ann\u00e9es de r\u00e8gne, de guerres et de conflits internes vous ont us\u00e9. Vous vous demandez si vous poss\u00e9dez encore le m\u00eame id\u00e9alisme qu&#8217;au jour de votre couronnement. Que pensent-ils de vous ? R\u00e9gnez-vous d&#8217;une main de fer ? \u00cates-vous juste ? [&hellip;]<\/p>\n","protected":false},"featured_media":1752,"template":"","meta":{"_coblocks_attr":"","_coblocks_dimensions":"","_coblocks_responsive_height":"","_coblocks_accordion_ie_support":"","hide_page_title":""},"product_brand":[57],"product_cat":[28,47],"product_tag":[18,19],"class_list":{"0":"post-3337","1":"product","2":"type-product","3":"status-publish","4":"has-post-thumbnail","6":"product_brand-vae-victis-miniatures","7":"product_cat-fantasy","8":"product_cat-vae-victis-miniatures","9":"product_tag-figurines","10":"product_tag-impression-3d","12":"first","13":"instock","14":"taxable","15":"shipping-taxable","16":"purchasable","17":"product-type-simple"},"_links":{"self":[{"href":"https:\/\/shop.trashfire.fr\/en\/wp-json\/wp\/v2\/product\/3337","targetHints":{"allow":["GET"]}}],"collection":[{"href":"https:\/\/shop.trashfire.fr\/en\/wp-json\/wp\/v2\/product"}],"about":[{"href":"https:\/\/shop.trashfire.fr\/en\/wp-json\/wp\/v2\/types\/product"}],"wp:featuredmedia":[{"embeddable":true,"href":"https:\/\/shop.trashfire.fr\/en\/wp-json\/wp\/v2\/media\/1752"}],"wp:attachment":[{"href":"https:\/\/shop.trashfire.fr\/en\/wp-json\/wp\/v2\/media?parent=3337"}],"wp:term":[{"taxonomy":"product_brand","embeddable":true,"href":"https:\/\/shop.trashfire.fr\/en\/wp-json\/wp\/v2\/product_brand?post=3337"},{"taxonomy":"product_cat","embeddable":true,"href":"https:\/\/shop.trashfire.fr\/en\/wp-json\/wp\/v2\/product_cat?post=3337"},{"taxonomy":"product_tag","embeddable":true,"href":"https:\/\/shop.trashfire.fr\/en\/wp-json\/wp\/v2\/product_tag?post=3337"}],"curies":[{"name":"wp","href":"https:\/\/api.w.org\/{rel}","templated":true}]}}