{"id":3339,"date":"2026-04-10T18:04:25","date_gmt":"2026-04-10T16:04:25","guid":{"rendered":"https:\/\/shop.trashfire.fr\/?post_type=product&#038;p=3339"},"modified":"2026-04-11T00:18:40","modified_gmt":"2026-04-10T22:18:40","slug":"the-general","status":"publish","type":"product","link":"https:\/\/shop.trashfire.fr\/en\/produit\/the-general\/","title":{"rendered":"Le G\u00e9n\u00e9ral"},"content":{"rendered":"<p>\u00ab Quand on excelle dans son travail au sein de la garde, on gravit les \u00e9chelons, mais cela a ses inconv\u00e9nients. L&#8217;entra\u00eenement avec les troupes est remplac\u00e9 par de la paperasserie, les exp\u00e9ditions de reconnaissance lointaines c\u00e8dent la place \u00e0 des banquets interminables et ennuyeux. \u00bb<\/p>\n<p>Une figurine imprim\u00e9e en r\u00e9sine ABS like, la couleur peut varier.<\/p>\n","protected":false},"excerpt":{"rendered":"<p>\u00ab Quand on excelle dans son travail au sein de la garde, on gravit les \u00e9chelons, mais cela a ses inconv\u00e9nients. L&#8217;entra\u00eenement avec les troupes est remplac\u00e9 par de la paperasserie, les exp\u00e9ditions de reconnaissance lointaines c\u00e8dent la place \u00e0 des banquets interminables et ennuyeux. \u00bb Une figurine imprim\u00e9e en r\u00e9sine ABS like, la couleur [&hellip;]<\/p>\n","protected":false},"featured_media":1848,"template":"","meta":{"_coblocks_attr":"","_coblocks_dimensions":"","_coblocks_responsive_height":"","_coblocks_accordion_ie_support":"","hide_page_title":""},"product_brand":[57],"product_cat":[28,47],"product_tag":[18,19],"class_list":{"0":"post-3339","1":"product","2":"type-product","3":"status-publish","4":"has-post-thumbnail","6":"product_brand-vae-victis-miniatures","7":"product_cat-fantasy","8":"product_cat-vae-victis-miniatures","9":"product_tag-figurines","10":"product_tag-impression-3d","12":"first","13":"instock","14":"taxable","15":"shipping-taxable","16":"purchasable","17":"product-type-simple"},"_links":{"self":[{"href":"https:\/\/shop.trashfire.fr\/en\/wp-json\/wp\/v2\/product\/3339","targetHints":{"allow":["GET"]}}],"collection":[{"href":"https:\/\/shop.trashfire.fr\/en\/wp-json\/wp\/v2\/product"}],"about":[{"href":"https:\/\/shop.trashfire.fr\/en\/wp-json\/wp\/v2\/types\/product"}],"wp:featuredmedia":[{"embeddable":true,"href":"https:\/\/shop.trashfire.fr\/en\/wp-json\/wp\/v2\/media\/1848"}],"wp:attachment":[{"href":"https:\/\/shop.trashfire.fr\/en\/wp-json\/wp\/v2\/media?parent=3339"}],"wp:term":[{"taxonomy":"product_brand","embeddable":true,"href":"https:\/\/shop.trashfire.fr\/en\/wp-json\/wp\/v2\/product_brand?post=3339"},{"taxonomy":"product_cat","embeddable":true,"href":"https:\/\/shop.trashfire.fr\/en\/wp-json\/wp\/v2\/product_cat?post=3339"},{"taxonomy":"product_tag","embeddable":true,"href":"https:\/\/shop.trashfire.fr\/en\/wp-json\/wp\/v2\/product_tag?post=3339"}],"curies":[{"name":"wp","href":"https:\/\/api.w.org\/{rel}","templated":true}]}}