{"id":3343,"date":"2026-04-10T18:04:24","date_gmt":"2026-04-10T16:04:24","guid":{"rendered":"https:\/\/shop.trashfire.fr\/?post_type=product&#038;p=3343"},"modified":"2026-04-10T23:49:13","modified_gmt":"2026-04-10T21:49:13","slug":"goliath-gladiatrix","status":"publish","type":"product","link":"https:\/\/shop.trashfire.fr\/en\/produit\/goliath-gladiatrix\/","title":{"rendered":"Goliath Gladiatrix"},"content":{"rendered":"<p>Dominant de toute sa hauteur les autres guerriers, elle est une vision terrifiante pour nombre d&#8217;entre eux. Lorsqu&#8217;elle charge avec son bouclier, c&#8217;est comme s&#8217;ils \u00e9taient frapp\u00e9s par une charge de cavalerie, et ils ne se rel\u00e8vent g\u00e9n\u00e9ralement pas apr\u00e8s le coup.<\/p>\n<p>Mains modulables avec plusieurs armes.<br \/>\nUne figurine imprim\u00e9e en r\u00e9sine ABS like, la couleur peut varier.<\/p>\n","protected":false},"excerpt":{"rendered":"<p>Dominant de toute sa hauteur les autres guerriers, elle est une vision terrifiante pour nombre d&#8217;entre eux. Lorsqu&#8217;elle charge avec son bouclier, c&#8217;est comme s&#8217;ils \u00e9taient frapp\u00e9s par une charge de cavalerie, et ils ne se rel\u00e8vent g\u00e9n\u00e9ralement pas apr\u00e8s le coup. Mains modulables avec plusieurs armes. Une figurine imprim\u00e9e en r\u00e9sine ABS like, la [&hellip;]<\/p>\n","protected":false},"featured_media":1756,"template":"","meta":{"_coblocks_attr":"","_coblocks_dimensions":"","_coblocks_responsive_height":"","_coblocks_accordion_ie_support":"","hide_page_title":""},"product_brand":[57],"product_cat":[28,47],"product_tag":[18,19],"class_list":{"0":"post-3343","1":"product","2":"type-product","3":"status-publish","4":"has-post-thumbnail","6":"product_brand-vae-victis-miniatures","7":"product_cat-fantasy","8":"product_cat-vae-victis-miniatures","9":"product_tag-figurines","10":"product_tag-impression-3d","12":"first","13":"instock","14":"taxable","15":"shipping-taxable","16":"purchasable","17":"product-type-simple"},"_links":{"self":[{"href":"https:\/\/shop.trashfire.fr\/en\/wp-json\/wp\/v2\/product\/3343","targetHints":{"allow":["GET"]}}],"collection":[{"href":"https:\/\/shop.trashfire.fr\/en\/wp-json\/wp\/v2\/product"}],"about":[{"href":"https:\/\/shop.trashfire.fr\/en\/wp-json\/wp\/v2\/types\/product"}],"wp:featuredmedia":[{"embeddable":true,"href":"https:\/\/shop.trashfire.fr\/en\/wp-json\/wp\/v2\/media\/1756"}],"wp:attachment":[{"href":"https:\/\/shop.trashfire.fr\/en\/wp-json\/wp\/v2\/media?parent=3343"}],"wp:term":[{"taxonomy":"product_brand","embeddable":true,"href":"https:\/\/shop.trashfire.fr\/en\/wp-json\/wp\/v2\/product_brand?post=3343"},{"taxonomy":"product_cat","embeddable":true,"href":"https:\/\/shop.trashfire.fr\/en\/wp-json\/wp\/v2\/product_cat?post=3343"},{"taxonomy":"product_tag","embeddable":true,"href":"https:\/\/shop.trashfire.fr\/en\/wp-json\/wp\/v2\/product_tag?post=3343"}],"curies":[{"name":"wp","href":"https:\/\/api.w.org\/{rel}","templated":true}]}}