{"id":3344,"date":"2025-06-04T18:49:16","date_gmt":"2025-06-04T16:49:16","guid":{"rendered":"https:\/\/shop.trashfire.fr\/?post_type=product&#038;p=3344"},"modified":"2026-04-10T23:47:06","modified_gmt":"2026-04-10T21:47:06","slug":"human-gladiator","status":"publish","type":"product","link":"https:\/\/shop.trashfire.fr\/en\/produit\/human-gladiator\/","title":{"rendered":"Gladiateur humain"},"content":{"rendered":"<p>\u00ab C&#8217;est un v\u00e9t\u00e9ran. Il a vu de nombreuses batailles, tu\u00e9 de nombreux ennemis. Ou du moins, c&#8217;est ce qu&#8217;il croyait. C&#8217;\u00e9tait tuer ou \u00eatre tu\u00e9, il n&#8217;avait pas le choix. La vie ne lui a jamais permis de se d\u00e9tacher de la violence ; d\u00e9sormais, il se bat pour l&#8217;argent et la gloire. La porte s&#8217;ouvre, la foule hurle, mais il n&#8217;entendra rien, car \u00e0 chaque combat, les fant\u00f4mes de ses morts r\u00e9sonnent dans sa t\u00eate. \u00bb<\/p>\n<p>Mains modulaires avec plusieurs armes !<\/p>\n<p>Une figurine imprim\u00e9e en r\u00e9sine ABS like, la couleur peut varier.<\/p>\n","protected":false},"excerpt":{"rendered":"<p>\u00ab C&#8217;est un v\u00e9t\u00e9ran. Il a vu de nombreuses batailles, tu\u00e9 de nombreux ennemis. Ou du moins, c&#8217;est ce qu&#8217;il croyait. C&#8217;\u00e9tait tuer ou \u00eatre tu\u00e9, il n&#8217;avait pas le choix. La vie ne lui a jamais permis de se d\u00e9tacher de la violence ; d\u00e9sormais, il se bat pour l&#8217;argent et la gloire. La [&hellip;]<\/p>\n","protected":false},"featured_media":1755,"template":"","meta":{"_coblocks_attr":"","_coblocks_dimensions":"","_coblocks_responsive_height":"","_coblocks_accordion_ie_support":"","hide_page_title":""},"product_brand":[],"product_cat":[28,47],"product_tag":[18,19],"class_list":{"0":"post-3344","1":"product","2":"type-product","3":"status-publish","4":"has-post-thumbnail","6":"product_cat-fantasy","7":"product_cat-vae-victis-miniatures","8":"product_tag-figurines","9":"product_tag-impression-3d","11":"first","12":"instock","13":"taxable","14":"shipping-taxable","15":"purchasable","16":"product-type-simple"},"_links":{"self":[{"href":"https:\/\/shop.trashfire.fr\/en\/wp-json\/wp\/v2\/product\/3344","targetHints":{"allow":["GET"]}}],"collection":[{"href":"https:\/\/shop.trashfire.fr\/en\/wp-json\/wp\/v2\/product"}],"about":[{"href":"https:\/\/shop.trashfire.fr\/en\/wp-json\/wp\/v2\/types\/product"}],"wp:featuredmedia":[{"embeddable":true,"href":"https:\/\/shop.trashfire.fr\/en\/wp-json\/wp\/v2\/media\/1755"}],"wp:attachment":[{"href":"https:\/\/shop.trashfire.fr\/en\/wp-json\/wp\/v2\/media?parent=3344"}],"wp:term":[{"taxonomy":"product_brand","embeddable":true,"href":"https:\/\/shop.trashfire.fr\/en\/wp-json\/wp\/v2\/product_brand?post=3344"},{"taxonomy":"product_cat","embeddable":true,"href":"https:\/\/shop.trashfire.fr\/en\/wp-json\/wp\/v2\/product_cat?post=3344"},{"taxonomy":"product_tag","embeddable":true,"href":"https:\/\/shop.trashfire.fr\/en\/wp-json\/wp\/v2\/product_tag?post=3344"}],"curies":[{"name":"wp","href":"https:\/\/api.w.org\/{rel}","templated":true}]}}