{"id":3345,"date":"2026-04-10T18:04:23","date_gmt":"2026-04-10T16:04:23","guid":{"rendered":"https:\/\/shop.trashfire.fr\/?post_type=product&#038;p=3345"},"modified":"2026-04-10T23:48:19","modified_gmt":"2026-04-10T21:48:19","slug":"elf-gladiatrix","status":"publish","type":"product","link":"https:\/\/shop.trashfire.fr\/en\/produit\/elf-gladiatrix\/","title":{"rendered":"Gladiatrice elfe (2 figurines)"},"content":{"rendered":"<p>\u00ab\u00a0Vous feriez bien de parier sur les couteaux qui vous attendent l\u00e0-bas. Je l&#8217;ai vue se battre\u00a0; l&#8217;\u00e9quipe adverse semble \u00eatre compos\u00e9e de bleus, ils n&#8217;ont aucune chance. Je ne crois pas l&#8217;avoir vue tuer beaucoup de fois, cependant. Soit elle les maintient sous contr\u00f4le, soit elle les pique tellement avec son trident qu&#8217;ils perdent leur moral et n&#8217;osent plus l&#8217;approcher. Un style int\u00e9ressant.\u00a0\u00bb<\/p>\n<p>&#8211; Mains modulaires avec plusieurs variantes d&#8217;armes.<br \/>\n&#8211; variante avec casque<\/p>\n<p>Deux figurines imprim\u00e9es en r\u00e9sine ABS like, la couleur peut varier.<\/p>\n","protected":false},"excerpt":{"rendered":"<p>\u00ab\u00a0Vous feriez bien de parier sur les couteaux qui vous attendent l\u00e0-bas. Je l&#8217;ai vue se battre\u00a0; l&#8217;\u00e9quipe adverse semble \u00eatre compos\u00e9e de bleus, ils n&#8217;ont aucune chance. Je ne crois pas l&#8217;avoir vue tuer beaucoup de fois, cependant. Soit elle les maintient sous contr\u00f4le, soit elle les pique tellement avec son trident qu&#8217;ils perdent [&hellip;]<\/p>\n","protected":false},"featured_media":1757,"template":"","meta":{"_coblocks_attr":"","_coblocks_dimensions":"","_coblocks_responsive_height":"","_coblocks_accordion_ie_support":"","hide_page_title":""},"product_brand":[57],"product_cat":[28,47],"product_tag":[18,19],"class_list":{"0":"post-3345","1":"product","2":"type-product","3":"status-publish","4":"has-post-thumbnail","6":"product_brand-vae-victis-miniatures","7":"product_cat-fantasy","8":"product_cat-vae-victis-miniatures","9":"product_tag-figurines","10":"product_tag-impression-3d","12":"first","13":"instock","14":"taxable","15":"shipping-taxable","16":"purchasable","17":"product-type-simple"},"_links":{"self":[{"href":"https:\/\/shop.trashfire.fr\/en\/wp-json\/wp\/v2\/product\/3345","targetHints":{"allow":["GET"]}}],"collection":[{"href":"https:\/\/shop.trashfire.fr\/en\/wp-json\/wp\/v2\/product"}],"about":[{"href":"https:\/\/shop.trashfire.fr\/en\/wp-json\/wp\/v2\/types\/product"}],"wp:featuredmedia":[{"embeddable":true,"href":"https:\/\/shop.trashfire.fr\/en\/wp-json\/wp\/v2\/media\/1757"}],"wp:attachment":[{"href":"https:\/\/shop.trashfire.fr\/en\/wp-json\/wp\/v2\/media?parent=3345"}],"wp:term":[{"taxonomy":"product_brand","embeddable":true,"href":"https:\/\/shop.trashfire.fr\/en\/wp-json\/wp\/v2\/product_brand?post=3345"},{"taxonomy":"product_cat","embeddable":true,"href":"https:\/\/shop.trashfire.fr\/en\/wp-json\/wp\/v2\/product_cat?post=3345"},{"taxonomy":"product_tag","embeddable":true,"href":"https:\/\/shop.trashfire.fr\/en\/wp-json\/wp\/v2\/product_tag?post=3345"}],"curies":[{"name":"wp","href":"https:\/\/api.w.org\/{rel}","templated":true}]}}