{"id":3346,"date":"2026-04-10T18:04:22","date_gmt":"2026-04-10T16:04:22","guid":{"rendered":"https:\/\/shop.trashfire.fr\/?post_type=product&#038;p=3346"},"modified":"2026-04-11T00:28:21","modified_gmt":"2026-04-10T22:28:21","slug":"the-veteran","status":"publish","type":"product","link":"https:\/\/shop.trashfire.fr\/en\/produit\/the-veteran\/","title":{"rendered":"Le v\u00e9t\u00e9ran"},"content":{"rendered":"<p>\u00ab Comme on dit, m\u00e9fiez-vous des vieux dans un m\u00e9tier o\u00f9 les hommes meurent jeunes ! C&#8217;est l&#8217;entra\u00eeneur de l&#8217;\u00e9quipe locale. J&#8217;ai vu pas mal de jeunes brutes s&#8217;en prendre \u00e0 lui et finir avec les fesses en compote. \u00bb<\/p>\n<p>Une figurine imprim\u00e9e en r\u00e9sine ABS like, la couleur peut varier.<\/p>\n","protected":false},"excerpt":{"rendered":"<p>\u00ab Comme on dit, m\u00e9fiez-vous des vieux dans un m\u00e9tier o\u00f9 les hommes meurent jeunes ! C&#8217;est l&#8217;entra\u00eeneur de l&#8217;\u00e9quipe locale. J&#8217;ai vu pas mal de jeunes brutes s&#8217;en prendre \u00e0 lui et finir avec les fesses en compote. \u00bb Une figurine imprim\u00e9e en r\u00e9sine ABS like, la couleur peut varier.<\/p>\n","protected":false},"featured_media":1758,"template":"","meta":{"_coblocks_attr":"","_coblocks_dimensions":"","_coblocks_responsive_height":"","_coblocks_accordion_ie_support":"","hide_page_title":""},"product_brand":[57],"product_cat":[28,47],"product_tag":[18,19],"class_list":{"0":"post-3346","1":"product","2":"type-product","3":"status-publish","4":"has-post-thumbnail","6":"product_brand-vae-victis-miniatures","7":"product_cat-fantasy","8":"product_cat-vae-victis-miniatures","9":"product_tag-figurines","10":"product_tag-impression-3d","12":"first","13":"instock","14":"taxable","15":"shipping-taxable","16":"purchasable","17":"product-type-simple"},"_links":{"self":[{"href":"https:\/\/shop.trashfire.fr\/en\/wp-json\/wp\/v2\/product\/3346","targetHints":{"allow":["GET"]}}],"collection":[{"href":"https:\/\/shop.trashfire.fr\/en\/wp-json\/wp\/v2\/product"}],"about":[{"href":"https:\/\/shop.trashfire.fr\/en\/wp-json\/wp\/v2\/types\/product"}],"wp:featuredmedia":[{"embeddable":true,"href":"https:\/\/shop.trashfire.fr\/en\/wp-json\/wp\/v2\/media\/1758"}],"wp:attachment":[{"href":"https:\/\/shop.trashfire.fr\/en\/wp-json\/wp\/v2\/media?parent=3346"}],"wp:term":[{"taxonomy":"product_brand","embeddable":true,"href":"https:\/\/shop.trashfire.fr\/en\/wp-json\/wp\/v2\/product_brand?post=3346"},{"taxonomy":"product_cat","embeddable":true,"href":"https:\/\/shop.trashfire.fr\/en\/wp-json\/wp\/v2\/product_cat?post=3346"},{"taxonomy":"product_tag","embeddable":true,"href":"https:\/\/shop.trashfire.fr\/en\/wp-json\/wp\/v2\/product_tag?post=3346"}],"curies":[{"name":"wp","href":"https:\/\/api.w.org\/{rel}","templated":true}]}}