{"id":3347,"date":"2026-04-10T18:04:21","date_gmt":"2026-04-10T16:04:21","guid":{"rendered":"https:\/\/shop.trashfire.fr\/?post_type=product&#038;p=3347"},"modified":"2026-04-11T00:06:23","modified_gmt":"2026-04-10T22:06:23","slug":"the-groupie","status":"publish","type":"product","link":"https:\/\/shop.trashfire.fr\/en\/produit\/the-groupie\/","title":{"rendered":"La groupie"},"content":{"rendered":"<p>\u00c0 chaque combat, soyez s\u00fbrs que des groupies, hommes et femmes, seront l\u00e0 pour s&#8217;extasier devant les guerriers. Rien d&#8217;\u00e9tonnant \u00e0 cela, quand on voit ces corps athl\u00e9tiques exhib\u00e9s dans l&#8217;ar\u00e8ne. Mais peut-\u00eatre y a-t-il autre chose ? La gloire ? L&#8217;aventure ? L&#8217;argent, pour avoir une chance de quitter cette ville morne ?\u2026<\/p>\n<p>Une figurine imprim\u00e9e en r\u00e9sine ABS like, la couleur peut varier.<\/p>\n","protected":false},"excerpt":{"rendered":"<p>\u00c0 chaque combat, soyez s\u00fbrs que des groupies, hommes et femmes, seront l\u00e0 pour s&#8217;extasier devant les guerriers. Rien d&#8217;\u00e9tonnant \u00e0 cela, quand on voit ces corps athl\u00e9tiques exhib\u00e9s dans l&#8217;ar\u00e8ne. Mais peut-\u00eatre y a-t-il autre chose ? La gloire ? L&#8217;aventure ? L&#8217;argent, pour avoir une chance de quitter cette ville morne ?\u2026 Une [&hellip;]<\/p>\n","protected":false},"featured_media":1759,"template":"","meta":{"_coblocks_attr":"","_coblocks_dimensions":"","_coblocks_responsive_height":"","_coblocks_accordion_ie_support":"","hide_page_title":""},"product_brand":[57],"product_cat":[28,47],"product_tag":[18,19],"class_list":{"0":"post-3347","1":"product","2":"type-product","3":"status-publish","4":"has-post-thumbnail","6":"product_brand-vae-victis-miniatures","7":"product_cat-fantasy","8":"product_cat-vae-victis-miniatures","9":"product_tag-figurines","10":"product_tag-impression-3d","12":"first","13":"instock","14":"taxable","15":"shipping-taxable","16":"purchasable","17":"product-type-simple"},"_links":{"self":[{"href":"https:\/\/shop.trashfire.fr\/en\/wp-json\/wp\/v2\/product\/3347","targetHints":{"allow":["GET"]}}],"collection":[{"href":"https:\/\/shop.trashfire.fr\/en\/wp-json\/wp\/v2\/product"}],"about":[{"href":"https:\/\/shop.trashfire.fr\/en\/wp-json\/wp\/v2\/types\/product"}],"wp:featuredmedia":[{"embeddable":true,"href":"https:\/\/shop.trashfire.fr\/en\/wp-json\/wp\/v2\/media\/1759"}],"wp:attachment":[{"href":"https:\/\/shop.trashfire.fr\/en\/wp-json\/wp\/v2\/media?parent=3347"}],"wp:term":[{"taxonomy":"product_brand","embeddable":true,"href":"https:\/\/shop.trashfire.fr\/en\/wp-json\/wp\/v2\/product_brand?post=3347"},{"taxonomy":"product_cat","embeddable":true,"href":"https:\/\/shop.trashfire.fr\/en\/wp-json\/wp\/v2\/product_cat?post=3347"},{"taxonomy":"product_tag","embeddable":true,"href":"https:\/\/shop.trashfire.fr\/en\/wp-json\/wp\/v2\/product_tag?post=3347"}],"curies":[{"name":"wp","href":"https:\/\/api.w.org\/{rel}","templated":true}]}}