{"id":3348,"date":"2026-04-10T18:04:20","date_gmt":"2026-04-10T16:04:20","guid":{"rendered":"https:\/\/shop.trashfire.fr\/?post_type=product&#038;p=3348"},"modified":"2026-04-10T22:01:48","modified_gmt":"2026-04-10T20:01:48","slug":"cat-captain","status":"publish","type":"product","link":"https:\/\/shop.trashfire.fr\/en\/produit\/cat-captain\/","title":{"rendered":"Capitaine des chats"},"content":{"rendered":"<p>La capitaine du Silent Tide est une exploratrice passionn\u00e9e. Toujours en qu\u00eate de nouveaux horizons, elle se tient fi\u00e8rement \u00e0 la proue de son navire, scrutant l&#8217;horizon \u00e0 l&#8217;aff\u00fbt de nouvelles d\u00e9couvertes. Certains capitaines malchanceux ont appris \u00e0 leurs d\u00e9pens qu&#8217;il ne faut pas s&#8217;en prendre \u00e0 elle et \u00e0 son \u00e9quipage. Elle vous transpercera de part en part avant m\u00eame que vous ne r\u00e9alisiez que vous \u00eates \u00e0 bord.<\/p>\n<p>&nbsp;<\/p>\n<p>Une figurine imprim\u00e9e en r\u00e9sine ABS like, la couleur peut varier.<\/p>\n","protected":false},"excerpt":{"rendered":"<p>La capitaine du Silent Tide est une exploratrice passionn\u00e9e. Toujours en qu\u00eate de nouveaux horizons, elle se tient fi\u00e8rement \u00e0 la proue de son navire, scrutant l&#8217;horizon \u00e0 l&#8217;aff\u00fbt de nouvelles d\u00e9couvertes. Certains capitaines malchanceux ont appris \u00e0 leurs d\u00e9pens qu&#8217;il ne faut pas s&#8217;en prendre \u00e0 elle et \u00e0 son \u00e9quipage. Elle vous transpercera [&hellip;]<\/p>\n","protected":false},"featured_media":2409,"template":"","meta":{"_coblocks_attr":"","_coblocks_dimensions":"","_coblocks_responsive_height":"","_coblocks_accordion_ie_support":"","hide_page_title":""},"product_brand":[57],"product_cat":[28,47],"product_tag":[18,91,19],"class_list":{"0":"post-3348","1":"product","2":"type-product","3":"status-publish","4":"has-post-thumbnail","6":"product_brand-vae-victis-miniatures","7":"product_cat-fantasy","8":"product_cat-vae-victis-miniatures","9":"product_tag-figurines","10":"product_tag-furry","11":"product_tag-impression-3d","13":"first","14":"instock","15":"taxable","16":"shipping-taxable","17":"purchasable","18":"product-type-simple"},"_links":{"self":[{"href":"https:\/\/shop.trashfire.fr\/en\/wp-json\/wp\/v2\/product\/3348","targetHints":{"allow":["GET"]}}],"collection":[{"href":"https:\/\/shop.trashfire.fr\/en\/wp-json\/wp\/v2\/product"}],"about":[{"href":"https:\/\/shop.trashfire.fr\/en\/wp-json\/wp\/v2\/types\/product"}],"wp:featuredmedia":[{"embeddable":true,"href":"https:\/\/shop.trashfire.fr\/en\/wp-json\/wp\/v2\/media\/2409"}],"wp:attachment":[{"href":"https:\/\/shop.trashfire.fr\/en\/wp-json\/wp\/v2\/media?parent=3348"}],"wp:term":[{"taxonomy":"product_brand","embeddable":true,"href":"https:\/\/shop.trashfire.fr\/en\/wp-json\/wp\/v2\/product_brand?post=3348"},{"taxonomy":"product_cat","embeddable":true,"href":"https:\/\/shop.trashfire.fr\/en\/wp-json\/wp\/v2\/product_cat?post=3348"},{"taxonomy":"product_tag","embeddable":true,"href":"https:\/\/shop.trashfire.fr\/en\/wp-json\/wp\/v2\/product_tag?post=3348"}],"curies":[{"name":"wp","href":"https:\/\/api.w.org\/{rel}","templated":true}]}}