{"id":3349,"date":"2026-04-10T18:04:20","date_gmt":"2026-04-10T16:04:20","guid":{"rendered":"https:\/\/shop.trashfire.fr\/?post_type=product&#038;p=3349"},"modified":"2026-04-10T23:52:01","modified_gmt":"2026-04-10T21:52:01","slug":"blacksmith","status":"publish","type":"product","link":"https:\/\/shop.trashfire.fr\/en\/produit\/blacksmith\/","title":{"rendered":"Forgeron"},"content":{"rendered":"<p>Dans certains villages, on se fait r\u00e9veiller par les oiseaux, ou peut-\u00eatre par un coq. Mais pas ici. Ici, d\u00e8s que le soleil pointe \u00e0 peine \u00e0 l&#8217;horizon, le forgeron commence sa journ\u00e9e, martelant son enclume. Armes, armures, fers \u00e0 cheval, tout ce dont un village a besoin, il le fabrique ! Et, hmm\u2026 j&#8217;ai entendu dire qu&#8217;il aurait un nouvel apprenti, mais personne ne l&#8217;a encore vu\u2026 ou elle ?<\/p>\n<p>Une figurine imprim\u00e9e en r\u00e9sine ABS like, la couleur peut varier.<\/p>\n","protected":false},"excerpt":{"rendered":"<p>Dans certains villages, on se fait r\u00e9veiller par les oiseaux, ou peut-\u00eatre par un coq. Mais pas ici. Ici, d\u00e8s que le soleil pointe \u00e0 peine \u00e0 l&#8217;horizon, le forgeron commence sa journ\u00e9e, martelant son enclume. Armes, armures, fers \u00e0 cheval, tout ce dont un village a besoin, il le fabrique ! Et, hmm\u2026 j&#8217;ai [&hellip;]<\/p>\n","protected":false},"featured_media":2115,"template":"","meta":{"_coblocks_attr":"","_coblocks_dimensions":"","_coblocks_responsive_height":"","_coblocks_accordion_ie_support":"","hide_page_title":""},"product_brand":[57],"product_cat":[28,47],"product_tag":[18,19],"class_list":{"0":"post-3349","1":"product","2":"type-product","3":"status-publish","4":"has-post-thumbnail","6":"product_brand-vae-victis-miniatures","7":"product_cat-fantasy","8":"product_cat-vae-victis-miniatures","9":"product_tag-figurines","10":"product_tag-impression-3d","12":"first","13":"instock","14":"taxable","15":"shipping-taxable","16":"purchasable","17":"product-type-simple"},"_links":{"self":[{"href":"https:\/\/shop.trashfire.fr\/en\/wp-json\/wp\/v2\/product\/3349","targetHints":{"allow":["GET"]}}],"collection":[{"href":"https:\/\/shop.trashfire.fr\/en\/wp-json\/wp\/v2\/product"}],"about":[{"href":"https:\/\/shop.trashfire.fr\/en\/wp-json\/wp\/v2\/types\/product"}],"wp:featuredmedia":[{"embeddable":true,"href":"https:\/\/shop.trashfire.fr\/en\/wp-json\/wp\/v2\/media\/2115"}],"wp:attachment":[{"href":"https:\/\/shop.trashfire.fr\/en\/wp-json\/wp\/v2\/media?parent=3349"}],"wp:term":[{"taxonomy":"product_brand","embeddable":true,"href":"https:\/\/shop.trashfire.fr\/en\/wp-json\/wp\/v2\/product_brand?post=3349"},{"taxonomy":"product_cat","embeddable":true,"href":"https:\/\/shop.trashfire.fr\/en\/wp-json\/wp\/v2\/product_cat?post=3349"},{"taxonomy":"product_tag","embeddable":true,"href":"https:\/\/shop.trashfire.fr\/en\/wp-json\/wp\/v2\/product_tag?post=3349"}],"curies":[{"name":"wp","href":"https:\/\/api.w.org\/{rel}","templated":true}]}}