{"id":3350,"date":"2026-04-10T18:04:19","date_gmt":"2026-04-10T16:04:19","guid":{"rendered":"https:\/\/shop.trashfire.fr\/?post_type=product&#038;p=3350"},"modified":"2026-04-10T23:53:13","modified_gmt":"2026-04-10T21:53:13","slug":"herald","status":"publish","type":"product","link":"https:\/\/shop.trashfire.fr\/en\/produit\/herald\/","title":{"rendered":"H\u00e9raut"},"content":{"rendered":"<p>* Hum hum&#8230; \u00c9coutez ! \u00c9coutez ! Je d\u00e9clare par la pr\u00e9sente que tout nouveau venu doit laisser son nom et ses intentions aux postes de garde \u00e0 l&#8217;entr\u00e9e, au nord ou au sud de la ville. Vous devez \u00e9galement laisser deux pi\u00e8ces d&#8217;argent si vous pr\u00e9voyez de rester plus d&#8217;une journ\u00e9e ! *Vous et votre groupe vous regardez un instant :\u00ab Bel accueil ! \u00bb\u00ab Hmm, pas normal, je suis d\u00e9j\u00e0 venu ici, quelque chose a chang\u00e9. \u00bb\u00ab Envie de regarder de plus pr\u00e8s ? \u00bb *<\/p>\n<p>Une figurine imprim\u00e9e en r\u00e9sine ABS like, la couleur peut varier.<\/p>\n","protected":false},"excerpt":{"rendered":"<p>* Hum hum&#8230; \u00c9coutez ! \u00c9coutez ! Je d\u00e9clare par la pr\u00e9sente que tout nouveau venu doit laisser son nom et ses intentions aux postes de garde \u00e0 l&#8217;entr\u00e9e, au nord ou au sud de la ville. Vous devez \u00e9galement laisser deux pi\u00e8ces d&#8217;argent si vous pr\u00e9voyez de rester plus d&#8217;une journ\u00e9e ! *Vous et [&hellip;]<\/p>\n","protected":false},"featured_media":2137,"template":"","meta":{"_coblocks_attr":"","_coblocks_dimensions":"","_coblocks_responsive_height":"","_coblocks_accordion_ie_support":"","hide_page_title":""},"product_brand":[57],"product_cat":[28,47],"product_tag":[18,19],"class_list":{"0":"post-3350","1":"product","2":"type-product","3":"status-publish","4":"has-post-thumbnail","6":"product_brand-vae-victis-miniatures","7":"product_cat-fantasy","8":"product_cat-vae-victis-miniatures","9":"product_tag-figurines","10":"product_tag-impression-3d","12":"first","13":"instock","14":"taxable","15":"shipping-taxable","16":"purchasable","17":"product-type-simple"},"_links":{"self":[{"href":"https:\/\/shop.trashfire.fr\/en\/wp-json\/wp\/v2\/product\/3350","targetHints":{"allow":["GET"]}}],"collection":[{"href":"https:\/\/shop.trashfire.fr\/en\/wp-json\/wp\/v2\/product"}],"about":[{"href":"https:\/\/shop.trashfire.fr\/en\/wp-json\/wp\/v2\/types\/product"}],"wp:featuredmedia":[{"embeddable":true,"href":"https:\/\/shop.trashfire.fr\/en\/wp-json\/wp\/v2\/media\/2137"}],"wp:attachment":[{"href":"https:\/\/shop.trashfire.fr\/en\/wp-json\/wp\/v2\/media?parent=3350"}],"wp:term":[{"taxonomy":"product_brand","embeddable":true,"href":"https:\/\/shop.trashfire.fr\/en\/wp-json\/wp\/v2\/product_brand?post=3350"},{"taxonomy":"product_cat","embeddable":true,"href":"https:\/\/shop.trashfire.fr\/en\/wp-json\/wp\/v2\/product_cat?post=3350"},{"taxonomy":"product_tag","embeddable":true,"href":"https:\/\/shop.trashfire.fr\/en\/wp-json\/wp\/v2\/product_tag?post=3350"}],"curies":[{"name":"wp","href":"https:\/\/api.w.org\/{rel}","templated":true}]}}