{"id":3351,"date":"2026-04-10T18:04:19","date_gmt":"2026-04-10T16:04:19","guid":{"rendered":"https:\/\/shop.trashfire.fr\/?post_type=product&#038;p=3351"},"modified":"2026-04-10T18:13:21","modified_gmt":"2026-04-10T16:13:21","slug":"flying-baba-yaga","status":"publish","type":"product","link":"https:\/\/shop.trashfire.fr\/en\/produit\/flying-baba-yaga\/","title":{"rendered":"Baba Yaga volant"},"content":{"rendered":"<p>\u00ab \u00c0 en juger par vos t\u00eates, vous \u00eates les nouveaux aventuriers en ville, hein ? Gerdath m&#8217;a dit de vous raconter la l\u00e9gende, ou plut\u00f4t l&#8217;histoire, de Baba Yaga, alors asseyez-vous, je vous prie\u2026 \u00bb \u00ab Voil\u00e0 ! Charmant, n&#8217;est-ce pas ? Quoi, vous n&#8217;en croyez pas un mot, petit ? Eh bien, \u00e9coutez-moi bien. Croyez-le ou non, cela ne changera rien \u00e0 votre destin : si jamais vous entendez un rire d\u00e9ment en vous promenant dans les bois, vous avez int\u00e9r\u00eat \u00e0 courir comme jamais. Sinon, emport\u00e9 par son mortier, il vous rattrapera, vous ram\u00e8nera dans sa cabane mis\u00e9rable et vous r\u00e9duira en poussi\u00e8re. Alors riez tant que vous voulez, mais je vous aurai pr\u00e9venus. Vous ne serez pas les premiers. \u00bb Ce kit comprend : Une maquette de haute qualit\u00e9 avec socleUne maquette de haute qualit\u00e9 sans socleL&#8217;arbre peut servir de d\u00e9cor \u00e0 part enti\u00e8reNos param\u00e8tres Cura pour la maquetteNos param\u00e8tres Cura pour les supportsSoutenez-nous sur Patreon !<\/p>\n","protected":false},"excerpt":{"rendered":"<p>\u00ab \u00c0 en juger par vos t\u00eates, vous \u00eates les nouveaux aventuriers en ville, hein ? Gerdath m&#8217;a dit de vous raconter la l\u00e9gende, ou plut\u00f4t l&#8217;histoire, de Baba Yaga, alors asseyez-vous, je vous prie\u2026 \u00bb \u00ab Voil\u00e0 ! Charmant, n&#8217;est-ce pas ? Quoi, vous n&#8217;en croyez pas un mot, petit ? Eh bien, \u00e9coutez-moi [&hellip;]<\/p>\n","protected":false},"featured_media":2005,"template":"","meta":{"_coblocks_attr":"","_coblocks_dimensions":"","_coblocks_responsive_height":"","_coblocks_accordion_ie_support":"","hide_page_title":""},"product_brand":[57],"product_cat":[28,47],"product_tag":[18,19,81],"class_list":{"0":"post-3351","1":"product","2":"type-product","3":"status-publish","4":"has-post-thumbnail","6":"product_brand-vae-victis-miniatures","7":"product_cat-fantasy","8":"product_cat-vae-victis-miniatures","9":"product_tag-figurines","10":"product_tag-impression-3d","11":"product_tag-sorcier-e","13":"first","14":"instock","15":"taxable","16":"shipping-taxable","17":"purchasable","18":"product-type-simple"},"_links":{"self":[{"href":"https:\/\/shop.trashfire.fr\/en\/wp-json\/wp\/v2\/product\/3351","targetHints":{"allow":["GET"]}}],"collection":[{"href":"https:\/\/shop.trashfire.fr\/en\/wp-json\/wp\/v2\/product"}],"about":[{"href":"https:\/\/shop.trashfire.fr\/en\/wp-json\/wp\/v2\/types\/product"}],"wp:featuredmedia":[{"embeddable":true,"href":"https:\/\/shop.trashfire.fr\/en\/wp-json\/wp\/v2\/media\/2005"}],"wp:attachment":[{"href":"https:\/\/shop.trashfire.fr\/en\/wp-json\/wp\/v2\/media?parent=3351"}],"wp:term":[{"taxonomy":"product_brand","embeddable":true,"href":"https:\/\/shop.trashfire.fr\/en\/wp-json\/wp\/v2\/product_brand?post=3351"},{"taxonomy":"product_cat","embeddable":true,"href":"https:\/\/shop.trashfire.fr\/en\/wp-json\/wp\/v2\/product_cat?post=3351"},{"taxonomy":"product_tag","embeddable":true,"href":"https:\/\/shop.trashfire.fr\/en\/wp-json\/wp\/v2\/product_tag?post=3351"}],"curies":[{"name":"wp","href":"https:\/\/api.w.org\/{rel}","templated":true}]}}