{"id":3361,"date":"2026-04-10T18:06:12","date_gmt":"2026-04-10T16:06:12","guid":{"rendered":"https:\/\/shop.trashfire.fr\/?post_type=product&#038;p=3361"},"modified":"2026-04-11T00:51:14","modified_gmt":"2026-04-10T22:51:14","slug":"teen-ranger-winter-adventure","status":"publish","type":"product","link":"https:\/\/shop.trashfire.fr\/en\/produit\/teen-ranger-winter-adventure\/","title":{"rendered":"Ranger adolescent (aventure hivernale)"},"content":{"rendered":"<p>\u00ab\u00a0Tu es responsable de tes fr\u00e8res et s\u0153urs pendant ces vacances, prends bien soin d&#8217;eux, veille \u00e0 ce qu&#8217;ils n&#8217;attrapent pas froid et qu&#8217;ils ne fassent pas de b\u00eatises\u00a0!\u00a0\u00bb dit la m\u00e8re en partant. La pauvre fille ne s&#8217;attendait certainement pas \u00e0 \u00e7a.<\/p>\n<p>Une figurine imprim\u00e9e en r\u00e9sine ABS like, la couleur peut varier.<\/p>\n","protected":false},"excerpt":{"rendered":"<p>\u00ab\u00a0Tu es responsable de tes fr\u00e8res et s\u0153urs pendant ces vacances, prends bien soin d&#8217;eux, veille \u00e0 ce qu&#8217;ils n&#8217;attrapent pas froid et qu&#8217;ils ne fassent pas de b\u00eatises\u00a0!\u00a0\u00bb dit la m\u00e8re en partant. La pauvre fille ne s&#8217;attendait certainement pas \u00e0 \u00e7a. Une figurine imprim\u00e9e en r\u00e9sine ABS like, la couleur peut varier.<\/p>\n","protected":false},"featured_media":2147,"template":"","meta":{"_coblocks_attr":"","_coblocks_dimensions":"","_coblocks_responsive_height":"","_coblocks_accordion_ie_support":"","hide_page_title":""},"product_brand":[57],"product_cat":[28,47],"product_tag":[18,19],"class_list":{"0":"post-3361","1":"product","2":"type-product","3":"status-publish","4":"has-post-thumbnail","6":"product_brand-vae-victis-miniatures","7":"product_cat-fantasy","8":"product_cat-vae-victis-miniatures","9":"product_tag-figurines","10":"product_tag-impression-3d","12":"first","13":"instock","14":"taxable","15":"shipping-taxable","16":"purchasable","17":"product-type-simple"},"_links":{"self":[{"href":"https:\/\/shop.trashfire.fr\/en\/wp-json\/wp\/v2\/product\/3361","targetHints":{"allow":["GET"]}}],"collection":[{"href":"https:\/\/shop.trashfire.fr\/en\/wp-json\/wp\/v2\/product"}],"about":[{"href":"https:\/\/shop.trashfire.fr\/en\/wp-json\/wp\/v2\/types\/product"}],"wp:featuredmedia":[{"embeddable":true,"href":"https:\/\/shop.trashfire.fr\/en\/wp-json\/wp\/v2\/media\/2147"}],"wp:attachment":[{"href":"https:\/\/shop.trashfire.fr\/en\/wp-json\/wp\/v2\/media?parent=3361"}],"wp:term":[{"taxonomy":"product_brand","embeddable":true,"href":"https:\/\/shop.trashfire.fr\/en\/wp-json\/wp\/v2\/product_brand?post=3361"},{"taxonomy":"product_cat","embeddable":true,"href":"https:\/\/shop.trashfire.fr\/en\/wp-json\/wp\/v2\/product_cat?post=3361"},{"taxonomy":"product_tag","embeddable":true,"href":"https:\/\/shop.trashfire.fr\/en\/wp-json\/wp\/v2\/product_tag?post=3361"}],"curies":[{"name":"wp","href":"https:\/\/api.w.org\/{rel}","templated":true}]}}