{"id":3362,"date":"2026-04-10T18:06:11","date_gmt":"2026-04-10T16:06:11","guid":{"rendered":"https:\/\/shop.trashfire.fr\/?post_type=product&#038;p=3362"},"modified":"2026-04-10T23:50:17","modified_gmt":"2026-04-10T21:50:17","slug":"grandma-winter-adventure","status":"publish","type":"product","link":"https:\/\/shop.trashfire.fr\/en\/produit\/grandma-winter-adventure\/","title":{"rendered":"Grand-m\u00e8re (Aventure hivernale)"},"content":{"rendered":"<p>Il ne se passe pas un jour sans que des p\u00e2tisseries ne mijotent dans la petite maison foresti\u00e8re. Elles sont toujours pr\u00eates pour le retour de son mari, parti couper du bois pour le long hiver, ou pour la visite des petits-enfants. Et je peux vous dire que tout le monde se tient bien \u00e0 la maison\u00a0; personne n&#8217;ose se faire frapper par son vieux rouleau \u00e0 p\u00e2tisserie. Il a peut-\u00eatre cass\u00e9 quelques os de bandits \u00e0 son \u00e9poque.\u00a0Mod\u00e8le sans support\u00a0: Ce mod\u00e8le comprend un socle et un mod\u00e8le sans socle.<\/p>\n","protected":false},"excerpt":{"rendered":"<p>Il ne se passe pas un jour sans que des p\u00e2tisseries ne mijotent dans la petite maison foresti\u00e8re. Elles sont toujours pr\u00eates pour le retour de son mari, parti couper du bois pour le long hiver, ou pour la visite des petits-enfants. Et je peux vous dire que tout le monde se tient bien \u00e0 [&hellip;]<\/p>\n","protected":false},"featured_media":2129,"template":"","meta":{"_coblocks_attr":"","_coblocks_dimensions":"","_coblocks_responsive_height":"","_coblocks_accordion_ie_support":"","hide_page_title":""},"product_brand":[57],"product_cat":[28,47],"product_tag":[18,19],"class_list":{"0":"post-3362","1":"product","2":"type-product","3":"status-publish","4":"has-post-thumbnail","6":"product_brand-vae-victis-miniatures","7":"product_cat-fantasy","8":"product_cat-vae-victis-miniatures","9":"product_tag-figurines","10":"product_tag-impression-3d","12":"first","13":"instock","14":"taxable","15":"shipping-taxable","16":"purchasable","17":"product-type-simple"},"_links":{"self":[{"href":"https:\/\/shop.trashfire.fr\/en\/wp-json\/wp\/v2\/product\/3362","targetHints":{"allow":["GET"]}}],"collection":[{"href":"https:\/\/shop.trashfire.fr\/en\/wp-json\/wp\/v2\/product"}],"about":[{"href":"https:\/\/shop.trashfire.fr\/en\/wp-json\/wp\/v2\/types\/product"}],"wp:featuredmedia":[{"embeddable":true,"href":"https:\/\/shop.trashfire.fr\/en\/wp-json\/wp\/v2\/media\/2129"}],"wp:attachment":[{"href":"https:\/\/shop.trashfire.fr\/en\/wp-json\/wp\/v2\/media?parent=3362"}],"wp:term":[{"taxonomy":"product_brand","embeddable":true,"href":"https:\/\/shop.trashfire.fr\/en\/wp-json\/wp\/v2\/product_brand?post=3362"},{"taxonomy":"product_cat","embeddable":true,"href":"https:\/\/shop.trashfire.fr\/en\/wp-json\/wp\/v2\/product_cat?post=3362"},{"taxonomy":"product_tag","embeddable":true,"href":"https:\/\/shop.trashfire.fr\/en\/wp-json\/wp\/v2\/product_tag?post=3362"}],"curies":[{"name":"wp","href":"https:\/\/api.w.org\/{rel}","templated":true}]}}