{"id":3363,"date":"2026-04-10T18:06:11","date_gmt":"2026-04-10T16:06:11","guid":{"rendered":"https:\/\/shop.trashfire.fr\/?post_type=product&#038;p=3363"},"modified":"2026-04-11T00:48:04","modified_gmt":"2026-04-10T22:48:04","slug":"little-girl-winter-adventure","status":"publish","type":"product","link":"https:\/\/shop.trashfire.fr\/en\/produit\/little-girl-winter-adventure\/","title":{"rendered":"Petite fille (Aventure hivernale)"},"content":{"rendered":"<p>* Cadette de la famille, elle \u00e9tait la plus enthousiaste \u00e0 l&#8217;id\u00e9e de quitter la ville pour les vacances. Jusqu&#8217;\u00e0 ce que les choses tournent mal\u2026 Elle ne saisit peut-\u00eatre pas toute la situation, mais une chose est s\u00fbre : elle s&#8217;inqui\u00e8te pour le meilleur. Qu&#8217;adviendra-t-il des cadeaux ?!<\/p>\n<p>Une figurine imprim\u00e9e en r\u00e9sine ABS like, la couleur peut varier.<\/p>\n","protected":false},"excerpt":{"rendered":"<p>* Cadette de la famille, elle \u00e9tait la plus enthousiaste \u00e0 l&#8217;id\u00e9e de quitter la ville pour les vacances. Jusqu&#8217;\u00e0 ce que les choses tournent mal\u2026 Elle ne saisit peut-\u00eatre pas toute la situation, mais une chose est s\u00fbre : elle s&#8217;inqui\u00e8te pour le meilleur. Qu&#8217;adviendra-t-il des cadeaux ?! Une figurine imprim\u00e9e en r\u00e9sine ABS [&hellip;]<\/p>\n","protected":false},"featured_media":2415,"template":"","meta":{"_coblocks_attr":"","_coblocks_dimensions":"","_coblocks_responsive_height":"","_coblocks_accordion_ie_support":"","hide_page_title":""},"product_brand":[57],"product_cat":[28,47],"product_tag":[18,19],"class_list":{"0":"post-3363","1":"product","2":"type-product","3":"status-publish","4":"has-post-thumbnail","6":"product_brand-vae-victis-miniatures","7":"product_cat-fantasy","8":"product_cat-vae-victis-miniatures","9":"product_tag-figurines","10":"product_tag-impression-3d","12":"first","13":"instock","14":"taxable","15":"shipping-taxable","16":"purchasable","17":"product-type-simple"},"_links":{"self":[{"href":"https:\/\/shop.trashfire.fr\/en\/wp-json\/wp\/v2\/product\/3363","targetHints":{"allow":["GET"]}}],"collection":[{"href":"https:\/\/shop.trashfire.fr\/en\/wp-json\/wp\/v2\/product"}],"about":[{"href":"https:\/\/shop.trashfire.fr\/en\/wp-json\/wp\/v2\/types\/product"}],"wp:featuredmedia":[{"embeddable":true,"href":"https:\/\/shop.trashfire.fr\/en\/wp-json\/wp\/v2\/media\/2415"}],"wp:attachment":[{"href":"https:\/\/shop.trashfire.fr\/en\/wp-json\/wp\/v2\/media?parent=3363"}],"wp:term":[{"taxonomy":"product_brand","embeddable":true,"href":"https:\/\/shop.trashfire.fr\/en\/wp-json\/wp\/v2\/product_brand?post=3363"},{"taxonomy":"product_cat","embeddable":true,"href":"https:\/\/shop.trashfire.fr\/en\/wp-json\/wp\/v2\/product_cat?post=3363"},{"taxonomy":"product_tag","embeddable":true,"href":"https:\/\/shop.trashfire.fr\/en\/wp-json\/wp\/v2\/product_tag?post=3363"}],"curies":[{"name":"wp","href":"https:\/\/api.w.org\/{rel}","templated":true}]}}