{"id":3364,"date":"2026-04-10T18:06:11","date_gmt":"2026-04-10T16:06:11","guid":{"rendered":"https:\/\/shop.trashfire.fr\/?post_type=product&#038;p=3364"},"modified":"2026-04-11T00:47:42","modified_gmt":"2026-04-10T22:47:42","slug":"little-boy-winter-adventure","status":"publish","type":"product","link":"https:\/\/shop.trashfire.fr\/en\/produit\/little-boy-winter-adventure\/","title":{"rendered":"Petit gar\u00e7on (Aventure hivernale)"},"content":{"rendered":"<p>Il n&#8217;a peut-\u00eatre pas le heaume \u00e9tincelant ni l&#8217;acier magique, mais il est fait de l&#8217;\u00e9toffe d&#8217;un chevalier et poss\u00e8de d\u00e9j\u00e0 un c\u0153ur de chevalier. Il ferait n&#8217;importe quoi pour prot\u00e9ger les plus faibles.<\/p>\n<p>Une figurine imprim\u00e9e en r\u00e9sine ABS like, la couleur peut varier.<\/p>\n","protected":false},"excerpt":{"rendered":"<p>Il n&#8217;a peut-\u00eatre pas le heaume \u00e9tincelant ni l&#8217;acier magique, mais il est fait de l&#8217;\u00e9toffe d&#8217;un chevalier et poss\u00e8de d\u00e9j\u00e0 un c\u0153ur de chevalier. Il ferait n&#8217;importe quoi pour prot\u00e9ger les plus faibles. Une figurine imprim\u00e9e en r\u00e9sine ABS like, la couleur peut varier.<\/p>\n","protected":false},"featured_media":2213,"template":"","meta":{"_coblocks_attr":"","_coblocks_dimensions":"","_coblocks_responsive_height":"","_coblocks_accordion_ie_support":"","hide_page_title":""},"product_brand":[57],"product_cat":[28,47],"product_tag":[18,19],"class_list":{"0":"post-3364","1":"product","2":"type-product","3":"status-publish","4":"has-post-thumbnail","6":"product_brand-vae-victis-miniatures","7":"product_cat-fantasy","8":"product_cat-vae-victis-miniatures","9":"product_tag-figurines","10":"product_tag-impression-3d","12":"first","13":"instock","14":"taxable","15":"shipping-taxable","16":"purchasable","17":"product-type-simple"},"_links":{"self":[{"href":"https:\/\/shop.trashfire.fr\/en\/wp-json\/wp\/v2\/product\/3364","targetHints":{"allow":["GET"]}}],"collection":[{"href":"https:\/\/shop.trashfire.fr\/en\/wp-json\/wp\/v2\/product"}],"about":[{"href":"https:\/\/shop.trashfire.fr\/en\/wp-json\/wp\/v2\/types\/product"}],"wp:featuredmedia":[{"embeddable":true,"href":"https:\/\/shop.trashfire.fr\/en\/wp-json\/wp\/v2\/media\/2213"}],"wp:attachment":[{"href":"https:\/\/shop.trashfire.fr\/en\/wp-json\/wp\/v2\/media?parent=3364"}],"wp:term":[{"taxonomy":"product_brand","embeddable":true,"href":"https:\/\/shop.trashfire.fr\/en\/wp-json\/wp\/v2\/product_brand?post=3364"},{"taxonomy":"product_cat","embeddable":true,"href":"https:\/\/shop.trashfire.fr\/en\/wp-json\/wp\/v2\/product_cat?post=3364"},{"taxonomy":"product_tag","embeddable":true,"href":"https:\/\/shop.trashfire.fr\/en\/wp-json\/wp\/v2\/product_tag?post=3364"}],"curies":[{"name":"wp","href":"https:\/\/api.w.org\/{rel}","templated":true}]}}