{"id":3365,"date":"2026-04-10T18:06:10","date_gmt":"2026-04-10T16:06:10","guid":{"rendered":"https:\/\/shop.trashfire.fr\/?post_type=product&#038;p=3365"},"modified":"2026-04-10T23:49:47","modified_gmt":"2026-04-10T21:49:47","slug":"grandpa-winter-adventure","status":"publish","type":"product","link":"https:\/\/shop.trashfire.fr\/en\/produit\/grandpa-winter-adventure\/","title":{"rendered":"Grand-p\u00e8re (Aventure hivernale)"},"content":{"rendered":"<p>Les jours d&#8217;aventure sont r\u00e9volus, et sa jeunesse aussi, mais n&#8217;osez pas lui dire qu&#8217;il n&#8217;est plus dans la fleur de l&#8217;\u00e2ge ! Loin de la grande ville, il coule d\u00e9sormais des jours paisibles dans la for\u00eat et s&#8217;enorgueillit d&#8217;\u00eatre en pleine forme pour son \u00e2ge ! Couper du bois pour l&#8217;hiver est un excellent exercice physique !<\/p>\n<p>Une figurine imprim\u00e9e en r\u00e9sine ABS like, la couleur peut varier.<\/p>\n","protected":false},"excerpt":{"rendered":"<p>Les jours d&#8217;aventure sont r\u00e9volus, et sa jeunesse aussi, mais n&#8217;osez pas lui dire qu&#8217;il n&#8217;est plus dans la fleur de l&#8217;\u00e2ge ! Loin de la grande ville, il coule d\u00e9sormais des jours paisibles dans la for\u00eat et s&#8217;enorgueillit d&#8217;\u00eatre en pleine forme pour son \u00e2ge ! Couper du bois pour l&#8217;hiver est un excellent [&hellip;]<\/p>\n","protected":false},"featured_media":2131,"template":"","meta":{"_coblocks_attr":"","_coblocks_dimensions":"","_coblocks_responsive_height":"","_coblocks_accordion_ie_support":"","hide_page_title":""},"product_brand":[57],"product_cat":[28,47],"product_tag":[18,19],"class_list":{"0":"post-3365","1":"product","2":"type-product","3":"status-publish","4":"has-post-thumbnail","6":"product_brand-vae-victis-miniatures","7":"product_cat-fantasy","8":"product_cat-vae-victis-miniatures","9":"product_tag-figurines","10":"product_tag-impression-3d","12":"first","13":"instock","14":"taxable","15":"shipping-taxable","16":"purchasable","17":"product-type-simple"},"_links":{"self":[{"href":"https:\/\/shop.trashfire.fr\/en\/wp-json\/wp\/v2\/product\/3365","targetHints":{"allow":["GET"]}}],"collection":[{"href":"https:\/\/shop.trashfire.fr\/en\/wp-json\/wp\/v2\/product"}],"about":[{"href":"https:\/\/shop.trashfire.fr\/en\/wp-json\/wp\/v2\/types\/product"}],"wp:featuredmedia":[{"embeddable":true,"href":"https:\/\/shop.trashfire.fr\/en\/wp-json\/wp\/v2\/media\/2131"}],"wp:attachment":[{"href":"https:\/\/shop.trashfire.fr\/en\/wp-json\/wp\/v2\/media?parent=3365"}],"wp:term":[{"taxonomy":"product_brand","embeddable":true,"href":"https:\/\/shop.trashfire.fr\/en\/wp-json\/wp\/v2\/product_brand?post=3365"},{"taxonomy":"product_cat","embeddable":true,"href":"https:\/\/shop.trashfire.fr\/en\/wp-json\/wp\/v2\/product_cat?post=3365"},{"taxonomy":"product_tag","embeddable":true,"href":"https:\/\/shop.trashfire.fr\/en\/wp-json\/wp\/v2\/product_tag?post=3365"}],"curies":[{"name":"wp","href":"https:\/\/api.w.org\/{rel}","templated":true}]}}