{"id":3371,"date":"2026-04-10T18:06:09","date_gmt":"2026-04-10T16:06:09","guid":{"rendered":"https:\/\/shop.trashfire.fr\/?post_type=product&#038;p=3371"},"modified":"2026-04-10T18:21:13","modified_gmt":"2026-04-10T16:21:13","slug":"tiefling-assassin","status":"publish","type":"product","link":"https:\/\/shop.trashfire.fr\/en\/produit\/tiefling-assassin\/","title":{"rendered":"2 Assassins tieffelin"},"content":{"rendered":"<p>Tout comme les requins r\u00f4dent autour des navires en haute mer, de nombreuses ombres glissent le long des murs des \u00e9gouts et des villes souterraines. Si vous souhaitez visiter ces lieux mis\u00e9rables, assurez-vous de ne pas vous faire remarquer, car on pourrait croire que vous cherchez \u00e0 en tirer profit. C<\/p>\n<p>Deux figurines imprim\u00e9es en r\u00e9sine ABS like, la couleur peut varier.<br \/>\n&#8211; une version avec du poison sur la dague<br \/>\n&#8211; une version sans poison.<\/p>\n","protected":false},"excerpt":{"rendered":"<p>Tout comme les requins r\u00f4dent autour des navires en haute mer, de nombreuses ombres glissent le long des murs des \u00e9gouts et des villes souterraines. Si vous souhaitez visiter ces lieux mis\u00e9rables, assurez-vous de ne pas vous faire remarquer, car on pourrait croire que vous cherchez \u00e0 en tirer profit. C Deux figurines imprim\u00e9es en [&hellip;]<\/p>\n","protected":false},"featured_media":2001,"template":"","meta":{"_coblocks_attr":"","_coblocks_dimensions":"","_coblocks_responsive_height":"","_coblocks_accordion_ie_support":"","hide_page_title":""},"product_brand":[57],"product_cat":[28,47],"product_tag":[18,19,77],"class_list":{"0":"post-3371","1":"product","2":"type-product","3":"status-publish","4":"has-post-thumbnail","6":"product_brand-vae-victis-miniatures","7":"product_cat-fantasy","8":"product_cat-vae-victis-miniatures","9":"product_tag-figurines","10":"product_tag-impression-3d","11":"product_tag-tieffelin","13":"first","14":"instock","15":"taxable","16":"shipping-taxable","17":"purchasable","18":"product-type-simple"},"_links":{"self":[{"href":"https:\/\/shop.trashfire.fr\/en\/wp-json\/wp\/v2\/product\/3371","targetHints":{"allow":["GET"]}}],"collection":[{"href":"https:\/\/shop.trashfire.fr\/en\/wp-json\/wp\/v2\/product"}],"about":[{"href":"https:\/\/shop.trashfire.fr\/en\/wp-json\/wp\/v2\/types\/product"}],"wp:featuredmedia":[{"embeddable":true,"href":"https:\/\/shop.trashfire.fr\/en\/wp-json\/wp\/v2\/media\/2001"}],"wp:attachment":[{"href":"https:\/\/shop.trashfire.fr\/en\/wp-json\/wp\/v2\/media?parent=3371"}],"wp:term":[{"taxonomy":"product_brand","embeddable":true,"href":"https:\/\/shop.trashfire.fr\/en\/wp-json\/wp\/v2\/product_brand?post=3371"},{"taxonomy":"product_cat","embeddable":true,"href":"https:\/\/shop.trashfire.fr\/en\/wp-json\/wp\/v2\/product_cat?post=3371"},{"taxonomy":"product_tag","embeddable":true,"href":"https:\/\/shop.trashfire.fr\/en\/wp-json\/wp\/v2\/product_tag?post=3371"}],"curies":[{"name":"wp","href":"https:\/\/api.w.org\/{rel}","templated":true}]}}