{"id":3375,"date":"2026-04-10T18:06:07","date_gmt":"2026-04-10T16:06:07","guid":{"rendered":"https:\/\/shop.trashfire.fr\/?post_type=product&#038;p=3375"},"modified":"2026-04-11T00:43:15","modified_gmt":"2026-04-10T22:43:15","slug":"beggar","status":"publish","type":"product","link":"https:\/\/shop.trashfire.fr\/en\/produit\/beggar\/","title":{"rendered":"Mendiant"},"content":{"rendered":"<p>La chance ne sourit pas \u00e0 tout le monde dans sa vie d&#8217;aventurier ; pour beaucoup, une mauvaise rencontre est le moyen le plus rapide de voir leurs r\u00eaves\u2026 bris\u00e9s. Si vous avez une pi\u00e8ce de monnaie \u00e0 donner, faites-leur plaisir. *Ce kit comprend :Un support pr\u00e9fabriqu\u00e9 pour la main lev\u00e9e<\/p>\n<p>Une figurine imprim\u00e9e en r\u00e9sine ABS like, la couleur peut varier.<\/p>\n","protected":false},"excerpt":{"rendered":"<p>La chance ne sourit pas \u00e0 tout le monde dans sa vie d&#8217;aventurier ; pour beaucoup, une mauvaise rencontre est le moyen le plus rapide de voir leurs r\u00eaves\u2026 bris\u00e9s. Si vous avez une pi\u00e8ce de monnaie \u00e0 donner, faites-leur plaisir. *Ce kit comprend :Un support pr\u00e9fabriqu\u00e9 pour la main lev\u00e9e Une figurine imprim\u00e9e en [&hellip;]<\/p>\n","protected":false},"featured_media":2032,"template":"","meta":{"_coblocks_attr":"","_coblocks_dimensions":"","_coblocks_responsive_height":"","_coblocks_accordion_ie_support":"","hide_page_title":""},"product_brand":[57],"product_cat":[28,47],"product_tag":[18,19],"class_list":{"0":"post-3375","1":"product","2":"type-product","3":"status-publish","4":"has-post-thumbnail","6":"product_brand-vae-victis-miniatures","7":"product_cat-fantasy","8":"product_cat-vae-victis-miniatures","9":"product_tag-figurines","10":"product_tag-impression-3d","12":"first","13":"instock","14":"taxable","15":"shipping-taxable","16":"purchasable","17":"product-type-simple"},"_links":{"self":[{"href":"https:\/\/shop.trashfire.fr\/en\/wp-json\/wp\/v2\/product\/3375","targetHints":{"allow":["GET"]}}],"collection":[{"href":"https:\/\/shop.trashfire.fr\/en\/wp-json\/wp\/v2\/product"}],"about":[{"href":"https:\/\/shop.trashfire.fr\/en\/wp-json\/wp\/v2\/types\/product"}],"wp:featuredmedia":[{"embeddable":true,"href":"https:\/\/shop.trashfire.fr\/en\/wp-json\/wp\/v2\/media\/2032"}],"wp:attachment":[{"href":"https:\/\/shop.trashfire.fr\/en\/wp-json\/wp\/v2\/media?parent=3375"}],"wp:term":[{"taxonomy":"product_brand","embeddable":true,"href":"https:\/\/shop.trashfire.fr\/en\/wp-json\/wp\/v2\/product_brand?post=3375"},{"taxonomy":"product_cat","embeddable":true,"href":"https:\/\/shop.trashfire.fr\/en\/wp-json\/wp\/v2\/product_cat?post=3375"},{"taxonomy":"product_tag","embeddable":true,"href":"https:\/\/shop.trashfire.fr\/en\/wp-json\/wp\/v2\/product_tag?post=3375"}],"curies":[{"name":"wp","href":"https:\/\/api.w.org\/{rel}","templated":true}]}}