{"id":3379,"date":"2026-04-10T18:06:05","date_gmt":"2026-04-10T16:06:05","guid":{"rendered":"https:\/\/shop.trashfire.fr\/?post_type=product&#038;p=3379"},"modified":"2026-04-11T00:12:40","modified_gmt":"2026-04-10T22:12:40","slug":"wizard-woman","status":"publish","type":"product","link":"https:\/\/shop.trashfire.fr\/en\/produit\/wizard-woman\/","title":{"rendered":"Magicienne (femme)"},"content":{"rendered":"<p>Expuls\u00e9e de l&#8217;universit\u00e9 de magie pour son imprudence \u00e0 r\u00e9p\u00e9tition, elle commit une derni\u00e8re infraction avant de partir : elle d\u00e9roba le grimoire personnel d&#8217;un grand mage dans son appartement. Pendant des ann\u00e9es, elle apprit \u00e0 le ma\u00eetriser seule, provoquant des cataclysmes sur son passage, d\u00e9truisant des salles d&#8217;\u00e9tude et fr\u00f4lant la mort \u00e0 maintes reprises \u00e0 cause de sa magie mal canalis\u00e9e. Mais \u00e0 pr\u00e9sent, il semble qu&#8217;elle y parvienne enfin, et elle aspire \u00e0 plus de puissance\u2026<\/p>\n<p>Une figurine imprim\u00e9e en r\u00e9sine ABS like, la couleur peut varier.<\/p>\n","protected":false},"excerpt":{"rendered":"<p>Expuls\u00e9e de l&#8217;universit\u00e9 de magie pour son imprudence \u00e0 r\u00e9p\u00e9tition, elle commit une derni\u00e8re infraction avant de partir : elle d\u00e9roba le grimoire personnel d&#8217;un grand mage dans son appartement. Pendant des ann\u00e9es, elle apprit \u00e0 le ma\u00eetriser seule, provoquant des cataclysmes sur son passage, d\u00e9truisant des salles d&#8217;\u00e9tude et fr\u00f4lant la mort \u00e0 maintes [&hellip;]<\/p>\n","protected":false},"featured_media":2434,"template":"","meta":{"_coblocks_attr":"","_coblocks_dimensions":"","_coblocks_responsive_height":"","_coblocks_accordion_ie_support":"","hide_page_title":""},"product_brand":[57],"product_cat":[28,47],"product_tag":[18,19],"class_list":{"0":"post-3379","1":"product","2":"type-product","3":"status-publish","4":"has-post-thumbnail","6":"product_brand-vae-victis-miniatures","7":"product_cat-fantasy","8":"product_cat-vae-victis-miniatures","9":"product_tag-figurines","10":"product_tag-impression-3d","12":"first","13":"instock","14":"taxable","15":"shipping-taxable","16":"purchasable","17":"product-type-simple"},"_links":{"self":[{"href":"https:\/\/shop.trashfire.fr\/en\/wp-json\/wp\/v2\/product\/3379","targetHints":{"allow":["GET"]}}],"collection":[{"href":"https:\/\/shop.trashfire.fr\/en\/wp-json\/wp\/v2\/product"}],"about":[{"href":"https:\/\/shop.trashfire.fr\/en\/wp-json\/wp\/v2\/types\/product"}],"wp:featuredmedia":[{"embeddable":true,"href":"https:\/\/shop.trashfire.fr\/en\/wp-json\/wp\/v2\/media\/2434"}],"wp:attachment":[{"href":"https:\/\/shop.trashfire.fr\/en\/wp-json\/wp\/v2\/media?parent=3379"}],"wp:term":[{"taxonomy":"product_brand","embeddable":true,"href":"https:\/\/shop.trashfire.fr\/en\/wp-json\/wp\/v2\/product_brand?post=3379"},{"taxonomy":"product_cat","embeddable":true,"href":"https:\/\/shop.trashfire.fr\/en\/wp-json\/wp\/v2\/product_cat?post=3379"},{"taxonomy":"product_tag","embeddable":true,"href":"https:\/\/shop.trashfire.fr\/en\/wp-json\/wp\/v2\/product_tag?post=3379"}],"curies":[{"name":"wp","href":"https:\/\/api.w.org\/{rel}","templated":true}]}}