{"id":3380,"date":"2026-04-10T18:06:04","date_gmt":"2026-04-10T16:06:04","guid":{"rendered":"https:\/\/shop.trashfire.fr\/?post_type=product&#038;p=3380"},"modified":"2026-04-10T18:06:05","modified_gmt":"2026-04-10T16:06:05","slug":"old-wizard","status":"publish","type":"product","link":"https:\/\/shop.trashfire.fr\/en\/produit\/old-wizard\/","title":{"rendered":"vieux sorcier"},"content":{"rendered":"<p>Que ce soit dans des tavernes brumeuses ou des temples silencieux, l&#8217;oreille du vieux magicien capte le moindre fragment de l\u00e9gende ou de folklore myst\u00e9rieux. Et puis, oh, et puis\u2026 Rien ne peut l&#8217;arr\u00eater\u00a0! D&#8217;une d\u00e9marche faussement boiteuse, il adopte une allure puissante et frappe le sol avec son b\u00e2ton centenaire. On le prend pour un fou, mais son esprit est clair et anim\u00e9 d&#8217;un besoin insatiable d&#8217;apprendre et de percer les myst\u00e8res de la magie. Ce set comprend\u00a0:Une figurine de magicien de haute qualit\u00e9Une version avec socle et une version sans socleUne variante avec support pour la lanterne\u00a0!Soutenez-nous sur Patreon\u00a0!<\/p>\n","protected":false},"excerpt":{"rendered":"<p>Que ce soit dans des tavernes brumeuses ou des temples silencieux, l&#8217;oreille du vieux magicien capte le moindre fragment de l\u00e9gende ou de folklore myst\u00e9rieux. Et puis, oh, et puis\u2026 Rien ne peut l&#8217;arr\u00eater\u00a0! D&#8217;une d\u00e9marche faussement boiteuse, il adopte une allure puissante et frappe le sol avec son b\u00e2ton centenaire. On le prend pour [&hellip;]<\/p>\n","protected":false},"featured_media":2435,"template":"","meta":{"_coblocks_attr":"","_coblocks_dimensions":"","_coblocks_responsive_height":"","_coblocks_accordion_ie_support":"","hide_page_title":""},"product_brand":[57],"product_cat":[28,47],"product_tag":[18,19],"class_list":{"0":"post-3380","1":"product","2":"type-product","3":"status-publish","4":"has-post-thumbnail","6":"product_brand-vae-victis-miniatures","7":"product_cat-fantasy","8":"product_cat-vae-victis-miniatures","9":"product_tag-figurines","10":"product_tag-impression-3d","12":"first","13":"instock","14":"taxable","15":"shipping-taxable","16":"purchasable","17":"product-type-simple"},"_links":{"self":[{"href":"https:\/\/shop.trashfire.fr\/en\/wp-json\/wp\/v2\/product\/3380","targetHints":{"allow":["GET"]}}],"collection":[{"href":"https:\/\/shop.trashfire.fr\/en\/wp-json\/wp\/v2\/product"}],"about":[{"href":"https:\/\/shop.trashfire.fr\/en\/wp-json\/wp\/v2\/types\/product"}],"wp:featuredmedia":[{"embeddable":true,"href":"https:\/\/shop.trashfire.fr\/en\/wp-json\/wp\/v2\/media\/2435"}],"wp:attachment":[{"href":"https:\/\/shop.trashfire.fr\/en\/wp-json\/wp\/v2\/media?parent=3380"}],"wp:term":[{"taxonomy":"product_brand","embeddable":true,"href":"https:\/\/shop.trashfire.fr\/en\/wp-json\/wp\/v2\/product_brand?post=3380"},{"taxonomy":"product_cat","embeddable":true,"href":"https:\/\/shop.trashfire.fr\/en\/wp-json\/wp\/v2\/product_cat?post=3380"},{"taxonomy":"product_tag","embeddable":true,"href":"https:\/\/shop.trashfire.fr\/en\/wp-json\/wp\/v2\/product_tag?post=3380"}],"curies":[{"name":"wp","href":"https:\/\/api.w.org\/{rel}","templated":true}]}}