{"id":3381,"date":"2026-04-10T18:06:03","date_gmt":"2026-04-10T16:06:03","guid":{"rendered":"https:\/\/shop.trashfire.fr\/?post_type=product&#038;p=3381"},"modified":"2026-04-10T18:20:06","modified_gmt":"2026-04-10T16:20:06","slug":"forge-apprentice","status":"publish","type":"product","link":"https:\/\/shop.trashfire.fr\/en\/produit\/forge-apprentice\/","title":{"rendered":"apprenti forgeron"},"content":{"rendered":"<p>\u00ab H\u00e9, gamin ! Apporte-moi ces barres de fer, je ne peux pas aller bien loin de la forge ! Quand tu auras fini, apporte le dernier lot d&#8217;\u00e9p\u00e9es au poste de garde ! \u200b\u200bApr\u00e8s \u00e7a, je te ferai fabriquer quelques douzaines de clous, pour t&#8217;entra\u00eener ! \u00bb \u00ab Tu n&#8217;es pas un peu dur avec lui ? \u00bb gloussa le demi-orc forgeron en martelant un heaume. \u00ab Il est dou\u00e9, il se d\u00e9brouillera tr\u00e8s bien. Vendredi prochain, c&#8217;est son anniversaire, je lui montrerai comment forger une dague. \u00bb<\/p>\n<p>Une figurine imprim\u00e9e en r\u00e9sine ABS like, la couleur peut varier.<\/p>\n","protected":false},"excerpt":{"rendered":"<p>\u00ab H\u00e9, gamin ! Apporte-moi ces barres de fer, je ne peux pas aller bien loin de la forge ! Quand tu auras fini, apporte le dernier lot d&#8217;\u00e9p\u00e9es au poste de garde ! \u200b\u200bApr\u00e8s \u00e7a, je te ferai fabriquer quelques douzaines de clous, pour t&#8217;entra\u00eener ! \u00bb \u00ab Tu n&#8217;es pas un peu dur [&hellip;]<\/p>\n","protected":false},"featured_media":2114,"template":"","meta":{"_coblocks_attr":"","_coblocks_dimensions":"","_coblocks_responsive_height":"","_coblocks_accordion_ie_support":"","hide_page_title":""},"product_brand":[57],"product_cat":[28,47],"product_tag":[18,19],"class_list":{"0":"post-3381","1":"product","2":"type-product","3":"status-publish","4":"has-post-thumbnail","6":"product_brand-vae-victis-miniatures","7":"product_cat-fantasy","8":"product_cat-vae-victis-miniatures","9":"product_tag-figurines","10":"product_tag-impression-3d","12":"first","13":"instock","14":"taxable","15":"shipping-taxable","16":"purchasable","17":"product-type-simple"},"_links":{"self":[{"href":"https:\/\/shop.trashfire.fr\/en\/wp-json\/wp\/v2\/product\/3381","targetHints":{"allow":["GET"]}}],"collection":[{"href":"https:\/\/shop.trashfire.fr\/en\/wp-json\/wp\/v2\/product"}],"about":[{"href":"https:\/\/shop.trashfire.fr\/en\/wp-json\/wp\/v2\/types\/product"}],"wp:featuredmedia":[{"embeddable":true,"href":"https:\/\/shop.trashfire.fr\/en\/wp-json\/wp\/v2\/media\/2114"}],"wp:attachment":[{"href":"https:\/\/shop.trashfire.fr\/en\/wp-json\/wp\/v2\/media?parent=3381"}],"wp:term":[{"taxonomy":"product_brand","embeddable":true,"href":"https:\/\/shop.trashfire.fr\/en\/wp-json\/wp\/v2\/product_brand?post=3381"},{"taxonomy":"product_cat","embeddable":true,"href":"https:\/\/shop.trashfire.fr\/en\/wp-json\/wp\/v2\/product_cat?post=3381"},{"taxonomy":"product_tag","embeddable":true,"href":"https:\/\/shop.trashfire.fr\/en\/wp-json\/wp\/v2\/product_tag?post=3381"}],"curies":[{"name":"wp","href":"https:\/\/api.w.org\/{rel}","templated":true}]}}