{"id":3382,"date":"2026-04-10T18:06:03","date_gmt":"2026-04-10T16:06:03","guid":{"rendered":"https:\/\/shop.trashfire.fr\/?post_type=product&#038;p=3382"},"modified":"2026-04-10T23:51:25","modified_gmt":"2026-04-10T21:51:25","slug":"orc-blacksmith","status":"publish","type":"product","link":"https:\/\/shop.trashfire.fr\/en\/produit\/orc-blacksmith\/","title":{"rendered":"forgeron orc"},"content":{"rendered":"<p>On s&#8217;empresse souvent de vanter le savoir-faire des nains ou des elfes, et de d\u00e9nigrer les demi-orques \u00e0 cause de leurs origines. Mais oseriez-vous le lui dire ? Critiqueriez-vous son travail avant m\u00eame d&#8217;avoir go\u00fbt\u00e9 ses cr\u00e9ations ? Certainement pas ! Car il est de notori\u00e9t\u00e9 publique que la forgeronne de ce village est une personne tr\u00e8s aimable qui a lutt\u00e9 pour surmonter les pr\u00e9jug\u00e9s dans cette r\u00e9gion difficile !<\/p>\n<p>Une figurine imprim\u00e9e en r\u00e9sine ABS like, la couleur peut varier.<br \/>\nCe set comprend :<br \/>\n&#8211; une figurine de la forgeronne,<br \/>\n&#8211; une enclume de haute qualit\u00e9<\/p>\n","protected":false},"excerpt":{"rendered":"<p>On s&#8217;empresse souvent de vanter le savoir-faire des nains ou des elfes, et de d\u00e9nigrer les demi-orques \u00e0 cause de leurs origines. Mais oseriez-vous le lui dire ? Critiqueriez-vous son travail avant m\u00eame d&#8217;avoir go\u00fbt\u00e9 ses cr\u00e9ations ? Certainement pas ! Car il est de notori\u00e9t\u00e9 publique que la forgeronne de ce village est une [&hellip;]<\/p>\n","protected":false},"featured_media":2116,"template":"","meta":{"_coblocks_attr":"","_coblocks_dimensions":"","_coblocks_responsive_height":"","_coblocks_accordion_ie_support":"","hide_page_title":""},"product_brand":[57],"product_cat":[28,47],"product_tag":[18,19,86],"class_list":{"0":"post-3382","1":"product","2":"type-product","3":"status-publish","4":"has-post-thumbnail","6":"product_brand-vae-victis-miniatures","7":"product_cat-fantasy","8":"product_cat-vae-victis-miniatures","9":"product_tag-figurines","10":"product_tag-impression-3d","11":"product_tag-orc","13":"first","14":"instock","15":"taxable","16":"shipping-taxable","17":"purchasable","18":"product-type-simple"},"_links":{"self":[{"href":"https:\/\/shop.trashfire.fr\/en\/wp-json\/wp\/v2\/product\/3382","targetHints":{"allow":["GET"]}}],"collection":[{"href":"https:\/\/shop.trashfire.fr\/en\/wp-json\/wp\/v2\/product"}],"about":[{"href":"https:\/\/shop.trashfire.fr\/en\/wp-json\/wp\/v2\/types\/product"}],"wp:featuredmedia":[{"embeddable":true,"href":"https:\/\/shop.trashfire.fr\/en\/wp-json\/wp\/v2\/media\/2116"}],"wp:attachment":[{"href":"https:\/\/shop.trashfire.fr\/en\/wp-json\/wp\/v2\/media?parent=3382"}],"wp:term":[{"taxonomy":"product_brand","embeddable":true,"href":"https:\/\/shop.trashfire.fr\/en\/wp-json\/wp\/v2\/product_brand?post=3382"},{"taxonomy":"product_cat","embeddable":true,"href":"https:\/\/shop.trashfire.fr\/en\/wp-json\/wp\/v2\/product_cat?post=3382"},{"taxonomy":"product_tag","embeddable":true,"href":"https:\/\/shop.trashfire.fr\/en\/wp-json\/wp\/v2\/product_tag?post=3382"}],"curies":[{"name":"wp","href":"https:\/\/api.w.org\/{rel}","templated":true}]}}