{"id":3384,"date":"2026-04-10T18:06:02","date_gmt":"2026-04-10T16:06:02","guid":{"rendered":"https:\/\/shop.trashfire.fr\/?post_type=product&#038;p=3384"},"modified":"2026-04-10T22:02:18","modified_gmt":"2026-04-10T20:02:18","slug":"orc-captain","status":"publish","type":"product","link":"https:\/\/shop.trashfire.fr\/en\/produit\/orc-captain\/","title":{"rendered":"capitaine orc"},"content":{"rendered":"<p>Certains disent que le capitaine \u00e9tait un ancien officier de la marine royale, devenu pirate apr\u00e8s une cuisante d\u00e9faite en mer. Ils racontent que l&#8217;ancre qu&#8217;il utilise est celle de son navire coul\u00e9, et qu&#8217;il s&#8217;en sert d\u00e9sormais comme arme. D&#8217;autres affirment l&#8217;avoir vu la lancer sur ses ennemis pour les attraper, puis tirer sur la corde pour les jeter \u00e0 l&#8217;eau. Personnellement, j&#8217;ai entendu dire qu&#8217;il avait vol\u00e9 le manteau de l&#8217;officier qu&#8217;il avait tu\u00e9, comme troph\u00e9e. Alors, si vous voulez conna\u00eetre la v\u00e9rit\u00e9, allez-y, on vous surveille !<\/p>\n<p>Une figurine imprim\u00e9e en r\u00e9sine ABS like, la couleur peut varier.<\/p>\n","protected":false},"excerpt":{"rendered":"<p>Certains disent que le capitaine \u00e9tait un ancien officier de la marine royale, devenu pirate apr\u00e8s une cuisante d\u00e9faite en mer. Ils racontent que l&#8217;ancre qu&#8217;il utilise est celle de son navire coul\u00e9, et qu&#8217;il s&#8217;en sert d\u00e9sormais comme arme. D&#8217;autres affirment l&#8217;avoir vu la lancer sur ses ennemis pour les attraper, puis tirer sur [&hellip;]<\/p>\n","protected":false},"featured_media":2211,"template":"","meta":{"_coblocks_attr":"","_coblocks_dimensions":"","_coblocks_responsive_height":"","_coblocks_accordion_ie_support":"","hide_page_title":""},"product_brand":[57],"product_cat":[28,47],"product_tag":[18,19,86],"class_list":{"0":"post-3384","1":"product","2":"type-product","3":"status-publish","4":"has-post-thumbnail","6":"product_brand-vae-victis-miniatures","7":"product_cat-fantasy","8":"product_cat-vae-victis-miniatures","9":"product_tag-figurines","10":"product_tag-impression-3d","11":"product_tag-orc","13":"first","14":"instock","15":"taxable","16":"shipping-taxable","17":"purchasable","18":"product-type-simple"},"_links":{"self":[{"href":"https:\/\/shop.trashfire.fr\/en\/wp-json\/wp\/v2\/product\/3384","targetHints":{"allow":["GET"]}}],"collection":[{"href":"https:\/\/shop.trashfire.fr\/en\/wp-json\/wp\/v2\/product"}],"about":[{"href":"https:\/\/shop.trashfire.fr\/en\/wp-json\/wp\/v2\/types\/product"}],"wp:featuredmedia":[{"embeddable":true,"href":"https:\/\/shop.trashfire.fr\/en\/wp-json\/wp\/v2\/media\/2211"}],"wp:attachment":[{"href":"https:\/\/shop.trashfire.fr\/en\/wp-json\/wp\/v2\/media?parent=3384"}],"wp:term":[{"taxonomy":"product_brand","embeddable":true,"href":"https:\/\/shop.trashfire.fr\/en\/wp-json\/wp\/v2\/product_brand?post=3384"},{"taxonomy":"product_cat","embeddable":true,"href":"https:\/\/shop.trashfire.fr\/en\/wp-json\/wp\/v2\/product_cat?post=3384"},{"taxonomy":"product_tag","embeddable":true,"href":"https:\/\/shop.trashfire.fr\/en\/wp-json\/wp\/v2\/product_tag?post=3384"}],"curies":[{"name":"wp","href":"https:\/\/api.w.org\/{rel}","templated":true}]}}