{"id":3385,"date":"2026-04-10T18:06:02","date_gmt":"2026-04-10T16:06:02","guid":{"rendered":"https:\/\/shop.trashfire.fr\/?post_type=product&#038;p=3385"},"modified":"2026-04-11T00:52:41","modified_gmt":"2026-04-10T22:52:41","slug":"elf-pirate","status":"publish","type":"product","link":"https:\/\/shop.trashfire.fr\/en\/produit\/elf-pirate\/","title":{"rendered":"pirate elfe"},"content":{"rendered":"<p>Un elfe ? Sur un bateau ? Hmm, \u00e7a para\u00eet \u00e9trange. Vous sentez un coup de coude : \u00ab H\u00e9, gamin, ne le fixe pas comme \u00e7a ! Il a beau avoir l&#8217;air civilis\u00e9 et raffin\u00e9, il a un caract\u00e8re de cochon. Tu ne voudrais pas \u00e9nerver le meilleur \u00e9p\u00e9iste de ce radeau. \u00bb<\/p>\n<p>Une figurine imprim\u00e9e en r\u00e9sine ABS like, la couleur peut varier.<\/p>\n","protected":false},"excerpt":{"rendered":"<p>Un elfe ? Sur un bateau ? Hmm, \u00e7a para\u00eet \u00e9trange. Vous sentez un coup de coude : \u00ab H\u00e9, gamin, ne le fixe pas comme \u00e7a ! Il a beau avoir l&#8217;air civilis\u00e9 et raffin\u00e9, il a un caract\u00e8re de cochon. Tu ne voudrais pas \u00e9nerver le meilleur \u00e9p\u00e9iste de ce radeau. \u00bb Une [&hellip;]<\/p>\n","protected":false},"featured_media":2105,"template":"","meta":{"_coblocks_attr":"","_coblocks_dimensions":"","_coblocks_responsive_height":"","_coblocks_accordion_ie_support":"","hide_page_title":""},"product_brand":[57],"product_cat":[28,47],"product_tag":[18,19],"class_list":{"0":"post-3385","1":"product","2":"type-product","3":"status-publish","4":"has-post-thumbnail","6":"product_brand-vae-victis-miniatures","7":"product_cat-fantasy","8":"product_cat-vae-victis-miniatures","9":"product_tag-figurines","10":"product_tag-impression-3d","12":"first","13":"instock","14":"taxable","15":"shipping-taxable","16":"purchasable","17":"product-type-simple"},"_links":{"self":[{"href":"https:\/\/shop.trashfire.fr\/en\/wp-json\/wp\/v2\/product\/3385","targetHints":{"allow":["GET"]}}],"collection":[{"href":"https:\/\/shop.trashfire.fr\/en\/wp-json\/wp\/v2\/product"}],"about":[{"href":"https:\/\/shop.trashfire.fr\/en\/wp-json\/wp\/v2\/types\/product"}],"wp:featuredmedia":[{"embeddable":true,"href":"https:\/\/shop.trashfire.fr\/en\/wp-json\/wp\/v2\/media\/2105"}],"wp:attachment":[{"href":"https:\/\/shop.trashfire.fr\/en\/wp-json\/wp\/v2\/media?parent=3385"}],"wp:term":[{"taxonomy":"product_brand","embeddable":true,"href":"https:\/\/shop.trashfire.fr\/en\/wp-json\/wp\/v2\/product_brand?post=3385"},{"taxonomy":"product_cat","embeddable":true,"href":"https:\/\/shop.trashfire.fr\/en\/wp-json\/wp\/v2\/product_cat?post=3385"},{"taxonomy":"product_tag","embeddable":true,"href":"https:\/\/shop.trashfire.fr\/en\/wp-json\/wp\/v2\/product_tag?post=3385"}],"curies":[{"name":"wp","href":"https:\/\/api.w.org\/{rel}","templated":true}]}}