{"id":3386,"date":"2026-04-10T18:06:00","date_gmt":"2026-04-10T16:06:00","guid":{"rendered":"https:\/\/shop.trashfire.fr\/?post_type=product&#038;p=3386"},"modified":"2026-04-11T00:53:08","modified_gmt":"2026-04-10T22:53:08","slug":"human-pirate","status":"publish","type":"product","link":"https:\/\/shop.trashfire.fr\/en\/produit\/human-pirate\/","title":{"rendered":"pirate humain"},"content":{"rendered":"<p>Envie de former un \u00e9quipage ? Je vous sugg\u00e8re d&#8217;aller aux docks et d&#8217;embaucher quelques hommes robustes. Que ce soit pour man\u0153uvrer une voile, pousser une barque, transporter un baril de poudre ou simplement d\u00e9fendre le navire en cas de besoin. Vous ne le regretterez pas !<\/p>\n<p>Une figurine imprim\u00e9e en r\u00e9sine ABS like, la couleur peut varier.<\/p>\n","protected":false},"excerpt":{"rendered":"<p>Envie de former un \u00e9quipage ? Je vous sugg\u00e8re d&#8217;aller aux docks et d&#8217;embaucher quelques hommes robustes. Que ce soit pour man\u0153uvrer une voile, pousser une barque, transporter un baril de poudre ou simplement d\u00e9fendre le navire en cas de besoin. Vous ne le regretterez pas ! Une figurine imprim\u00e9e en r\u00e9sine ABS like, la [&hellip;]<\/p>\n","protected":false},"featured_media":2034,"template":"","meta":{"_coblocks_attr":"","_coblocks_dimensions":"","_coblocks_responsive_height":"","_coblocks_accordion_ie_support":"","hide_page_title":""},"product_brand":[57],"product_cat":[28,47],"product_tag":[18,19],"class_list":{"0":"post-3386","1":"product","2":"type-product","3":"status-publish","4":"has-post-thumbnail","6":"product_brand-vae-victis-miniatures","7":"product_cat-fantasy","8":"product_cat-vae-victis-miniatures","9":"product_tag-figurines","10":"product_tag-impression-3d","12":"first","13":"instock","14":"taxable","15":"shipping-taxable","16":"purchasable","17":"product-type-simple"},"_links":{"self":[{"href":"https:\/\/shop.trashfire.fr\/en\/wp-json\/wp\/v2\/product\/3386","targetHints":{"allow":["GET"]}}],"collection":[{"href":"https:\/\/shop.trashfire.fr\/en\/wp-json\/wp\/v2\/product"}],"about":[{"href":"https:\/\/shop.trashfire.fr\/en\/wp-json\/wp\/v2\/types\/product"}],"wp:featuredmedia":[{"embeddable":true,"href":"https:\/\/shop.trashfire.fr\/en\/wp-json\/wp\/v2\/media\/2034"}],"wp:attachment":[{"href":"https:\/\/shop.trashfire.fr\/en\/wp-json\/wp\/v2\/media?parent=3386"}],"wp:term":[{"taxonomy":"product_brand","embeddable":true,"href":"https:\/\/shop.trashfire.fr\/en\/wp-json\/wp\/v2\/product_brand?post=3386"},{"taxonomy":"product_cat","embeddable":true,"href":"https:\/\/shop.trashfire.fr\/en\/wp-json\/wp\/v2\/product_cat?post=3386"},{"taxonomy":"product_tag","embeddable":true,"href":"https:\/\/shop.trashfire.fr\/en\/wp-json\/wp\/v2\/product_tag?post=3386"}],"curies":[{"name":"wp","href":"https:\/\/api.w.org\/{rel}","templated":true}]}}