{"id":3387,"date":"2026-04-10T18:06:00","date_gmt":"2026-04-10T16:06:00","guid":{"rendered":"https:\/\/shop.trashfire.fr\/?post_type=product&#038;p=3387"},"modified":"2026-04-11T00:53:15","modified_gmt":"2026-04-10T22:53:15","slug":"dwarf-pirate","status":"publish","type":"product","link":"https:\/\/shop.trashfire.fr\/en\/produit\/dwarf-pirate\/","title":{"rendered":"Pirate nain"},"content":{"rendered":"<p>H\u00e9, vaurien ! Viens donc nettoyer le pont ! Quoi ? Tu croyais vraiment que ton premier jour serait agr\u00e9able ? Non, je plaisante, fais bien ton travail et je te montrerai ma r\u00e9serve personnelle de grog\u2026 Mais pour l&#8217;instant, d\u00e9p\u00eache-toi !<\/p>\n<p>Une figurine imprim\u00e9e en r\u00e9sine ABS like, la couleur peut varier.<\/p>\n","protected":false},"excerpt":{"rendered":"<p>H\u00e9, vaurien ! Viens donc nettoyer le pont ! Quoi ? Tu croyais vraiment que ton premier jour serait agr\u00e9able ? Non, je plaisante, fais bien ton travail et je te montrerai ma r\u00e9serve personnelle de grog\u2026 Mais pour l&#8217;instant, d\u00e9p\u00eache-toi ! Une figurine imprim\u00e9e en r\u00e9sine ABS like, la couleur peut varier.<\/p>\n","protected":false},"featured_media":2101,"template":"","meta":{"_coblocks_attr":"","_coblocks_dimensions":"","_coblocks_responsive_height":"","_coblocks_accordion_ie_support":"","hide_page_title":""},"product_brand":[57],"product_cat":[28,47],"product_tag":[18,19],"class_list":{"0":"post-3387","1":"product","2":"type-product","3":"status-publish","4":"has-post-thumbnail","6":"product_brand-vae-victis-miniatures","7":"product_cat-fantasy","8":"product_cat-vae-victis-miniatures","9":"product_tag-figurines","10":"product_tag-impression-3d","12":"first","13":"instock","14":"taxable","15":"shipping-taxable","16":"purchasable","17":"product-type-simple"},"_links":{"self":[{"href":"https:\/\/shop.trashfire.fr\/en\/wp-json\/wp\/v2\/product\/3387","targetHints":{"allow":["GET"]}}],"collection":[{"href":"https:\/\/shop.trashfire.fr\/en\/wp-json\/wp\/v2\/product"}],"about":[{"href":"https:\/\/shop.trashfire.fr\/en\/wp-json\/wp\/v2\/types\/product"}],"wp:featuredmedia":[{"embeddable":true,"href":"https:\/\/shop.trashfire.fr\/en\/wp-json\/wp\/v2\/media\/2101"}],"wp:attachment":[{"href":"https:\/\/shop.trashfire.fr\/en\/wp-json\/wp\/v2\/media?parent=3387"}],"wp:term":[{"taxonomy":"product_brand","embeddable":true,"href":"https:\/\/shop.trashfire.fr\/en\/wp-json\/wp\/v2\/product_brand?post=3387"},{"taxonomy":"product_cat","embeddable":true,"href":"https:\/\/shop.trashfire.fr\/en\/wp-json\/wp\/v2\/product_cat?post=3387"},{"taxonomy":"product_tag","embeddable":true,"href":"https:\/\/shop.trashfire.fr\/en\/wp-json\/wp\/v2\/product_tag?post=3387"}],"curies":[{"name":"wp","href":"https:\/\/api.w.org\/{rel}","templated":true}]}}