{"id":3389,"date":"2026-04-10T18:05:59","date_gmt":"2026-04-10T16:05:59","guid":{"rendered":"https:\/\/shop.trashfire.fr\/?post_type=product&#038;p=3389"},"modified":"2026-04-11T00:54:23","modified_gmt":"2026-04-10T22:54:23","slug":"swamp-hag","status":"publish","type":"product","link":"https:\/\/shop.trashfire.fr\/en\/produit\/swamp-hag\/","title":{"rendered":"Sorci\u00e8re des marais"},"content":{"rendered":"<p>Les marais, outre le fait d&#8217;\u00eatre des endroits r\u00e9pugnants o\u00f9 l&#8217;on n&#8217;a pas forc\u00e9ment envie de se promener, abritent de nombreuses cr\u00e9atures dangereuses et effrayantes. Tapies dans des eaux troubles, elles attendent que quiconque s&#8217;approche trop pr\u00e8s des abords de leur mare. Mais aujourd&#8217;hui, ce sont vos moindres soucis, car vous \u00eates \u00e0 la recherche de quelque chose de bien pire. C&#8217;est une pauvre femme qui vous a envoy\u00e9 sur ce chemin ; il para\u00eet qu&#8217;une sorci\u00e8re vit ici. Elle a r\u00e9cemment enlev\u00e9 un jeune enfant, pour une raison inconnue. M\u00eame si vous doutez de le retrouver vivant, vous ferez tout votre possible.<\/p>\n<p>Une figurine imprim\u00e9e en r\u00e9sine ABS like, la couleur peut varier.<\/p>\n","protected":false},"excerpt":{"rendered":"<p>Les marais, outre le fait d&#8217;\u00eatre des endroits r\u00e9pugnants o\u00f9 l&#8217;on n&#8217;a pas forc\u00e9ment envie de se promener, abritent de nombreuses cr\u00e9atures dangereuses et effrayantes. Tapies dans des eaux troubles, elles attendent que quiconque s&#8217;approche trop pr\u00e8s des abords de leur mare. Mais aujourd&#8217;hui, ce sont vos moindres soucis, car vous \u00eates \u00e0 la recherche [&hellip;]<\/p>\n","protected":false},"featured_media":2403,"template":"","meta":{"_coblocks_attr":"","_coblocks_dimensions":"","_coblocks_responsive_height":"","_coblocks_accordion_ie_support":"","hide_page_title":""},"product_brand":[57],"product_cat":[28,47],"product_tag":[18,19],"class_list":{"0":"post-3389","1":"product","2":"type-product","3":"status-publish","4":"has-post-thumbnail","6":"product_brand-vae-victis-miniatures","7":"product_cat-fantasy","8":"product_cat-vae-victis-miniatures","9":"product_tag-figurines","10":"product_tag-impression-3d","12":"first","13":"instock","14":"taxable","15":"shipping-taxable","16":"purchasable","17":"product-type-simple"},"_links":{"self":[{"href":"https:\/\/shop.trashfire.fr\/en\/wp-json\/wp\/v2\/product\/3389","targetHints":{"allow":["GET"]}}],"collection":[{"href":"https:\/\/shop.trashfire.fr\/en\/wp-json\/wp\/v2\/product"}],"about":[{"href":"https:\/\/shop.trashfire.fr\/en\/wp-json\/wp\/v2\/types\/product"}],"wp:featuredmedia":[{"embeddable":true,"href":"https:\/\/shop.trashfire.fr\/en\/wp-json\/wp\/v2\/media\/2403"}],"wp:attachment":[{"href":"https:\/\/shop.trashfire.fr\/en\/wp-json\/wp\/v2\/media?parent=3389"}],"wp:term":[{"taxonomy":"product_brand","embeddable":true,"href":"https:\/\/shop.trashfire.fr\/en\/wp-json\/wp\/v2\/product_brand?post=3389"},{"taxonomy":"product_cat","embeddable":true,"href":"https:\/\/shop.trashfire.fr\/en\/wp-json\/wp\/v2\/product_cat?post=3389"},{"taxonomy":"product_tag","embeddable":true,"href":"https:\/\/shop.trashfire.fr\/en\/wp-json\/wp\/v2\/product_tag?post=3389"}],"curies":[{"name":"wp","href":"https:\/\/api.w.org\/{rel}","templated":true}]}}