{"id":3391,"date":"2026-04-10T18:05:57","date_gmt":"2026-04-10T16:05:57","guid":{"rendered":"https:\/\/shop.trashfire.fr\/?post_type=product&#038;p=3391"},"modified":"2026-04-10T21:18:52","modified_gmt":"2026-04-10T19:18:52","slug":"barkeeper","status":"publish","type":"product","link":"https:\/\/shop.trashfire.fr\/en\/produit\/barkeeper\/","title":{"rendered":"Barman"},"content":{"rendered":"<p>Ce fichier a \u00e9t\u00e9 redimensionn\u00e9 en avril 2022 pour mieux correspondre \u00e0 l&#8217;\u00e9chelle actuelle de notre gamme\u00a0!* La pluie vous a tremp\u00e9 jusqu&#8217;aux os. Vous poussez la porte de la premi\u00e8re taverne que vous trouvez et une voix tonitruante vous accueille aussit\u00f4t\u00a0: \u00ab\u00a0SALUTATIONS MON PAUVRE AMI\u00a0! Approchez-vous du feu, je vous offre une bi\u00e8re fra\u00eeche\u00a0!\u00a0\u00bb<\/p>\n<p>Une figurine imprim\u00e9e en r\u00e9sine ABS like, la couleur peut varier.<\/p>\n","protected":false},"excerpt":{"rendered":"<p>Ce fichier a \u00e9t\u00e9 redimensionn\u00e9 en avril 2022 pour mieux correspondre \u00e0 l&#8217;\u00e9chelle actuelle de notre gamme\u00a0!* La pluie vous a tremp\u00e9 jusqu&#8217;aux os. Vous poussez la porte de la premi\u00e8re taverne que vous trouvez et une voix tonitruante vous accueille aussit\u00f4t\u00a0: \u00ab\u00a0SALUTATIONS MON PAUVRE AMI\u00a0! Approchez-vous du feu, je vous offre une bi\u00e8re fra\u00eeche\u00a0!\u00a0\u00bb [&hellip;]<\/p>\n","protected":false},"featured_media":2031,"template":"","meta":{"_coblocks_attr":"","_coblocks_dimensions":"","_coblocks_responsive_height":"","_coblocks_accordion_ie_support":"","hide_page_title":""},"product_brand":[57],"product_cat":[28,47],"product_tag":[18,19],"class_list":{"0":"post-3391","1":"product","2":"type-product","3":"status-publish","4":"has-post-thumbnail","6":"product_brand-vae-victis-miniatures","7":"product_cat-fantasy","8":"product_cat-vae-victis-miniatures","9":"product_tag-figurines","10":"product_tag-impression-3d","12":"first","13":"instock","14":"taxable","15":"shipping-taxable","16":"purchasable","17":"product-type-simple"},"_links":{"self":[{"href":"https:\/\/shop.trashfire.fr\/en\/wp-json\/wp\/v2\/product\/3391","targetHints":{"allow":["GET"]}}],"collection":[{"href":"https:\/\/shop.trashfire.fr\/en\/wp-json\/wp\/v2\/product"}],"about":[{"href":"https:\/\/shop.trashfire.fr\/en\/wp-json\/wp\/v2\/types\/product"}],"wp:featuredmedia":[{"embeddable":true,"href":"https:\/\/shop.trashfire.fr\/en\/wp-json\/wp\/v2\/media\/2031"}],"wp:attachment":[{"href":"https:\/\/shop.trashfire.fr\/en\/wp-json\/wp\/v2\/media?parent=3391"}],"wp:term":[{"taxonomy":"product_brand","embeddable":true,"href":"https:\/\/shop.trashfire.fr\/en\/wp-json\/wp\/v2\/product_brand?post=3391"},{"taxonomy":"product_cat","embeddable":true,"href":"https:\/\/shop.trashfire.fr\/en\/wp-json\/wp\/v2\/product_cat?post=3391"},{"taxonomy":"product_tag","embeddable":true,"href":"https:\/\/shop.trashfire.fr\/en\/wp-json\/wp\/v2\/product_tag?post=3391"}],"curies":[{"name":"wp","href":"https:\/\/api.w.org\/{rel}","templated":true}]}}