{"id":36,"date":"2025-03-05T12:24:34","date_gmt":"2025-03-05T11:24:34","guid":{"rendered":"https:\/\/shop.trashfire.fr\/?post_type=product&#038;p=36"},"modified":"2025-04-21T17:44:43","modified_gmt":"2025-04-21T15:44:43","slug":"aurora","status":"publish","type":"product","link":"https:\/\/shop.trashfire.fr\/en\/produit\/aurora\/","title":{"rendered":"Aurora"},"content":{"rendered":"<p>Figurine d&#8217;Aurora \u00e0 l&#8217;\u00e9chelle 32mm.<\/p>\n<p>Imprim\u00e9e en r\u00e9sine.<\/p>\n<p>Vendu non peinte.<\/p>\n","protected":false},"excerpt":{"rendered":"<p>Figurine d&#8217;Aurora \u00e0 l&#8217;\u00e9chelle 32mm. Imprim\u00e9e en r\u00e9sine. Vendu non peinte.<\/p>\n","protected":false},"featured_media":301,"template":"","meta":{"_coblocks_attr":"","_coblocks_dimensions":"","_coblocks_responsive_height":"","_coblocks_accordion_ie_support":"","hide_page_title":""},"product_brand":[],"product_cat":[17,16],"product_tag":[18,19],"class_list":{"0":"post-36","1":"product","2":"type-product","3":"status-publish","4":"has-post-thumbnail","6":"product_cat-mars-code-aurora","7":"product_cat-science-fiction","8":"product_tag-figurines","9":"product_tag-impression-3d","11":"first","12":"instock","13":"taxable","14":"shipping-taxable","15":"purchasable","16":"product-type-simple"},"_links":{"self":[{"href":"https:\/\/shop.trashfire.fr\/en\/wp-json\/wp\/v2\/product\/36","targetHints":{"allow":["GET"]}}],"collection":[{"href":"https:\/\/shop.trashfire.fr\/en\/wp-json\/wp\/v2\/product"}],"about":[{"href":"https:\/\/shop.trashfire.fr\/en\/wp-json\/wp\/v2\/types\/product"}],"wp:featuredmedia":[{"embeddable":true,"href":"https:\/\/shop.trashfire.fr\/en\/wp-json\/wp\/v2\/media\/301"}],"wp:attachment":[{"href":"https:\/\/shop.trashfire.fr\/en\/wp-json\/wp\/v2\/media?parent=36"}],"wp:term":[{"taxonomy":"product_brand","embeddable":true,"href":"https:\/\/shop.trashfire.fr\/en\/wp-json\/wp\/v2\/product_brand?post=36"},{"taxonomy":"product_cat","embeddable":true,"href":"https:\/\/shop.trashfire.fr\/en\/wp-json\/wp\/v2\/product_cat?post=36"},{"taxonomy":"product_tag","embeddable":true,"href":"https:\/\/shop.trashfire.fr\/en\/wp-json\/wp\/v2\/product_tag?post=36"}],"curies":[{"name":"wp","href":"https:\/\/api.w.org\/{rel}","templated":true}]}}