{"id":3612,"date":"2025-07-31T14:42:20","date_gmt":"2025-07-31T12:42:20","guid":{"rendered":"https:\/\/shop.trashfire.fr\/?post_type=product&#038;p=3612"},"modified":"2025-11-02T17:20:39","modified_gmt":"2025-11-02T16:20:39","slug":"les-ravageurs-de-ur-sur-kaal","status":"publish","type":"product","link":"https:\/\/shop.trashfire.fr\/en\/produit\/les-ravageurs-de-ur-sur-kaal\/","title":{"rendered":"Les ravageurs de Ur-Sur-Kaal"},"content":{"rendered":"<p>Une bande pr\u00eate \u00e0 jouer pour Sol Brayn\u00efa. Sculptures de Threat Factory.<br \/>\nSocles PLA fournis.<\/p>\n<p>Fournis non-mont\u00e9es et non-peintes.<\/p>\n<p style=\"text-align: center;\"><b><i>La Ruse \u2013 Guilde des Voleurs<\/i><\/b><\/p>\n<p><b>Rangs 1 :<\/b><\/p>\n<p><b>Avorton : <\/b>Champion Sorcier, (<i>Siphon d\u2019\u00e9nergie<\/i>), arme \u00e0 deux mains 2pts<\/p>\n<p><b>Avorton : <\/b>Champion \u00c9claireur, Filet (=fronde) + <i>Filet de chasse Druna\u00ef<\/i> 2pts<\/p>\n<p><b>Avorton : <\/b>Ep\u00e9e, bouclier 1pts<\/p>\n<p><b>Avorton : <\/b>Lance, bouclier 1pts<\/p>\n<p><b>Avorton : <\/b>Lance 1pts<\/p>\n<p>&nbsp;<\/p>\n<p><b>Rangs 2 :<\/b><\/p>\n<p><b>Brute<\/b> <b>:<\/b> Champion Conjurateur, Lance, Officier grade 3, <i>ange-gardien<\/i> 6pts<\/p>\n<p><b>Brute<\/b> <b>:<\/b> Champion Garde, bouclier, <i>perce-cuir<\/i> 3pts<\/p>\n<p><b>Brute<\/b> <b>:<\/b> Lance et bouclier 2pts<\/p>\n<p>&nbsp;<\/p>\n<p><b>Rangs 3 :<\/b><\/p>\n<p><b>Butor : <\/b>Champion Tacticien, Arme lourde, cuirasse de troll 4pts<\/p>\n<p><b>Butor : <\/b>Paire de griffe 3pts<\/p>\n<p>&nbsp;<\/p>\n<p><a href=\"https:\/\/shop.trashfire.fr\/wp-content\/uploads\/2025\/07\/ravageurs.pdf\">Fiche de bande ravageur<\/a><\/p>\n","protected":false},"excerpt":{"rendered":"<p>10 figurines de Threat Factory pr\u00eates \u00e0 jouer pour Sol Brayn\u00efa.<br \/>\nSocles PLA fournis.<\/p>\n","protected":false},"featured_media":3613,"template":"","meta":{"_coblocks_attr":"","_coblocks_dimensions":"","_coblocks_responsive_height":"","_coblocks_accordion_ie_support":"","hide_page_title":""},"product_brand":[56],"product_cat":[40],"product_tag":[18,19,61,38],"class_list":{"0":"post-3612","1":"product","2":"type-product","3":"status-publish","4":"has-post-thumbnail","6":"product_brand-threat-factory","7":"product_cat-sol-braynia","8":"product_tag-figurines","9":"product_tag-impression-3d","10":"product_tag-pret-a-jouer","11":"product_tag-threat-factory","13":"first","14":"instock","15":"taxable","16":"shipping-taxable","17":"purchasable","18":"product-type-simple"},"_links":{"self":[{"href":"https:\/\/shop.trashfire.fr\/en\/wp-json\/wp\/v2\/product\/3612","targetHints":{"allow":["GET"]}}],"collection":[{"href":"https:\/\/shop.trashfire.fr\/en\/wp-json\/wp\/v2\/product"}],"about":[{"href":"https:\/\/shop.trashfire.fr\/en\/wp-json\/wp\/v2\/types\/product"}],"wp:featuredmedia":[{"embeddable":true,"href":"https:\/\/shop.trashfire.fr\/en\/wp-json\/wp\/v2\/media\/3613"}],"wp:attachment":[{"href":"https:\/\/shop.trashfire.fr\/en\/wp-json\/wp\/v2\/media?parent=3612"}],"wp:term":[{"taxonomy":"product_brand","embeddable":true,"href":"https:\/\/shop.trashfire.fr\/en\/wp-json\/wp\/v2\/product_brand?post=3612"},{"taxonomy":"product_cat","embeddable":true,"href":"https:\/\/shop.trashfire.fr\/en\/wp-json\/wp\/v2\/product_cat?post=3612"},{"taxonomy":"product_tag","embeddable":true,"href":"https:\/\/shop.trashfire.fr\/en\/wp-json\/wp\/v2\/product_tag?post=3612"}],"curies":[{"name":"wp","href":"https:\/\/api.w.org\/{rel}","templated":true}]}}