{"id":3856,"date":"2025-11-17T16:43:27","date_gmt":"2025-11-17T15:43:27","guid":{"rendered":"https:\/\/shop.trashfire.fr\/?post_type=product&#038;p=3856"},"modified":"2026-01-02T12:21:00","modified_gmt":"2026-01-02T11:21:00","slug":"ratfolk-plague-bishop","status":"publish","type":"product","link":"https:\/\/shop.trashfire.fr\/en\/produit\/ratfolk-plague-bishop\/","title":{"rendered":"\u00c9v\u00eaque de la Peste des rats"},"content":{"rendered":"<p>Figurine d&#8217;\u00e9v\u00eaque de la peste rat en r\u00e9sine pour jeux de r\u00f4le et wargames.<\/p>\n<p>(Dimensions en mm\u00a0: X 41,5\u00a0; Y 52,2\u00a0; Z 29,8)<\/p>\n","protected":false},"excerpt":{"rendered":"<p>Figurine d&#8217;\u00e9v\u00eaque de la peste rat en r\u00e9sine pour jeux de r\u00f4le et wargames. (Dimensions en mm\u00a0: X 41,5\u00a0; Y 52,2\u00a0; Z 29,8)<\/p>\n","protected":false},"featured_media":3821,"template":"","meta":{"_coblocks_attr":"","_coblocks_dimensions":"","_coblocks_responsive_height":"","_coblocks_accordion_ie_support":"","hide_page_title":""},"product_brand":[70],"product_cat":[28,71],"product_tag":[18,19,72],"class_list":{"0":"post-3856","1":"product","2":"type-product","3":"status-publish","4":"has-post-thumbnail","6":"product_brand-manuel-boria","7":"product_cat-fantasy","8":"product_cat-manuel-boria","9":"product_tag-figurines","10":"product_tag-impression-3d","11":"product_tag-manuel-boria","13":"first","14":"instock","15":"taxable","16":"shipping-taxable","17":"purchasable","18":"product-type-simple"},"_links":{"self":[{"href":"https:\/\/shop.trashfire.fr\/en\/wp-json\/wp\/v2\/product\/3856","targetHints":{"allow":["GET"]}}],"collection":[{"href":"https:\/\/shop.trashfire.fr\/en\/wp-json\/wp\/v2\/product"}],"about":[{"href":"https:\/\/shop.trashfire.fr\/en\/wp-json\/wp\/v2\/types\/product"}],"wp:featuredmedia":[{"embeddable":true,"href":"https:\/\/shop.trashfire.fr\/en\/wp-json\/wp\/v2\/media\/3821"}],"wp:attachment":[{"href":"https:\/\/shop.trashfire.fr\/en\/wp-json\/wp\/v2\/media?parent=3856"}],"wp:term":[{"taxonomy":"product_brand","embeddable":true,"href":"https:\/\/shop.trashfire.fr\/en\/wp-json\/wp\/v2\/product_brand?post=3856"},{"taxonomy":"product_cat","embeddable":true,"href":"https:\/\/shop.trashfire.fr\/en\/wp-json\/wp\/v2\/product_cat?post=3856"},{"taxonomy":"product_tag","embeddable":true,"href":"https:\/\/shop.trashfire.fr\/en\/wp-json\/wp\/v2\/product_tag?post=3856"}],"curies":[{"name":"wp","href":"https:\/\/api.w.org\/{rel}","templated":true}]}}