{"id":3882,"date":"2025-11-17T16:43:43","date_gmt":"2025-11-17T15:43:43","guid":{"rendered":"https:\/\/shop.trashfire.fr\/?post_type=product&#038;p=3882"},"modified":"2026-01-02T12:23:01","modified_gmt":"2026-01-02T11:23:01","slug":"baby-dragon-turtle","status":"publish","type":"product","link":"https:\/\/shop.trashfire.fr\/en\/produit\/baby-dragon-turtle\/","title":{"rendered":"B\u00e9b\u00e9 Dragon Turtle"},"content":{"rendered":"<p>Figurine de b\u00e9b\u00e9 tortue-dragon en r\u00e9sine pour jeux de r\u00f4le et wargames sur table.<br \/>\nVariante sans effet d&#8217;eau.<\/p>\n<p>(Dimensions en mm\u00a0: X\u00a060,4\u00a0; Y\u00a065\u00a0; Z\u00a067)<\/p>\n","protected":false},"excerpt":{"rendered":"<p>Figurine de b\u00e9b\u00e9 tortue-dragon en r\u00e9sine pour jeux de r\u00f4le et wargames sur table. Variante sans effet d&#8217;eau. (Dimensions en mm\u00a0: X\u00a060,4\u00a0; Y\u00a065\u00a0; Z\u00a067)<\/p>\n","protected":false},"featured_media":3747,"template":"","meta":{"_coblocks_attr":"","_coblocks_dimensions":"","_coblocks_responsive_height":"","_coblocks_accordion_ie_support":"","hide_page_title":""},"product_brand":[70],"product_cat":[28,71],"product_tag":[18,19,72],"class_list":{"0":"post-3882","1":"product","2":"type-product","3":"status-publish","4":"has-post-thumbnail","6":"product_brand-manuel-boria","7":"product_cat-fantasy","8":"product_cat-manuel-boria","9":"product_tag-figurines","10":"product_tag-impression-3d","11":"product_tag-manuel-boria","13":"first","14":"instock","15":"taxable","16":"shipping-taxable","17":"purchasable","18":"product-type-simple"},"_links":{"self":[{"href":"https:\/\/shop.trashfire.fr\/en\/wp-json\/wp\/v2\/product\/3882","targetHints":{"allow":["GET"]}}],"collection":[{"href":"https:\/\/shop.trashfire.fr\/en\/wp-json\/wp\/v2\/product"}],"about":[{"href":"https:\/\/shop.trashfire.fr\/en\/wp-json\/wp\/v2\/types\/product"}],"wp:featuredmedia":[{"embeddable":true,"href":"https:\/\/shop.trashfire.fr\/en\/wp-json\/wp\/v2\/media\/3747"}],"wp:attachment":[{"href":"https:\/\/shop.trashfire.fr\/en\/wp-json\/wp\/v2\/media?parent=3882"}],"wp:term":[{"taxonomy":"product_brand","embeddable":true,"href":"https:\/\/shop.trashfire.fr\/en\/wp-json\/wp\/v2\/product_brand?post=3882"},{"taxonomy":"product_cat","embeddable":true,"href":"https:\/\/shop.trashfire.fr\/en\/wp-json\/wp\/v2\/product_cat?post=3882"},{"taxonomy":"product_tag","embeddable":true,"href":"https:\/\/shop.trashfire.fr\/en\/wp-json\/wp\/v2\/product_tag?post=3882"}],"curies":[{"name":"wp","href":"https:\/\/api.w.org\/{rel}","templated":true}]}}