{"id":3910,"date":"2025-11-17T16:43:59","date_gmt":"2025-11-17T15:43:59","guid":{"rendered":"https:\/\/shop.trashfire.fr\/?post_type=product&#038;p=3910"},"modified":"2026-01-02T12:21:23","modified_gmt":"2026-01-02T11:21:23","slug":"hill-giant-ogre-1","status":"publish","type":"product","link":"https:\/\/shop.trashfire.fr\/en\/produit\/hill-giant-ogre-1\/","title":{"rendered":"G\u00e9ant des collines &#8211; Ogre 1"},"content":{"rendered":"<p>Figurine d&#8217;ogre g\u00e9ant en r\u00e9sine pour jeux de r\u00f4le et wargames.<\/p>\n<p>(Dimensions en mm\u00a0: <strong>X<\/strong>65\u00a0: <strong>Y<\/strong>70\u00a0: <strong>Z<\/strong>37)<\/p>\n","protected":false},"excerpt":{"rendered":"<p>Figurine d&#8217;ogre g\u00e9ant en r\u00e9sine pour jeux de r\u00f4le et wargames. (Dimensions en mm\u00a0: X65\u00a0: Y70\u00a0: Z37)<\/p>\n","protected":false},"featured_media":3849,"template":"","meta":{"_coblocks_attr":"","_coblocks_dimensions":"","_coblocks_responsive_height":"","_coblocks_accordion_ie_support":"","hide_page_title":""},"product_brand":[70],"product_cat":[28,71],"product_tag":[18,19,72],"class_list":{"0":"post-3910","1":"product","2":"type-product","3":"status-publish","4":"has-post-thumbnail","6":"product_brand-manuel-boria","7":"product_cat-fantasy","8":"product_cat-manuel-boria","9":"product_tag-figurines","10":"product_tag-impression-3d","11":"product_tag-manuel-boria","13":"first","14":"instock","15":"taxable","16":"shipping-taxable","17":"purchasable","18":"product-type-simple"},"_links":{"self":[{"href":"https:\/\/shop.trashfire.fr\/en\/wp-json\/wp\/v2\/product\/3910","targetHints":{"allow":["GET"]}}],"collection":[{"href":"https:\/\/shop.trashfire.fr\/en\/wp-json\/wp\/v2\/product"}],"about":[{"href":"https:\/\/shop.trashfire.fr\/en\/wp-json\/wp\/v2\/types\/product"}],"wp:featuredmedia":[{"embeddable":true,"href":"https:\/\/shop.trashfire.fr\/en\/wp-json\/wp\/v2\/media\/3849"}],"wp:attachment":[{"href":"https:\/\/shop.trashfire.fr\/en\/wp-json\/wp\/v2\/media?parent=3910"}],"wp:term":[{"taxonomy":"product_brand","embeddable":true,"href":"https:\/\/shop.trashfire.fr\/en\/wp-json\/wp\/v2\/product_brand?post=3910"},{"taxonomy":"product_cat","embeddable":true,"href":"https:\/\/shop.trashfire.fr\/en\/wp-json\/wp\/v2\/product_cat?post=3910"},{"taxonomy":"product_tag","embeddable":true,"href":"https:\/\/shop.trashfire.fr\/en\/wp-json\/wp\/v2\/product_tag?post=3910"}],"curies":[{"name":"wp","href":"https:\/\/api.w.org\/{rel}","templated":true}]}}