{"id":4057,"date":"2026-03-10T22:46:43","date_gmt":"2026-03-10T21:46:43","guid":{"rendered":"https:\/\/shop.trashfire.fr\/en\/?post_type=product&#038;p=4057"},"modified":"2026-03-11T11:11:33","modified_gmt":"2026-03-11T10:11:33","slug":"lot-de-3-objectifs-mca-partie-2","status":"publish","type":"product","link":"https:\/\/shop.trashfire.fr\/en\/produit\/lot-de-3-objectifs-mca-partie-2\/","title":{"rendered":"Lot de 3 objectifs M:CA partie 2"},"content":{"rendered":"<p>Au d\u00e9but de la partie, les joueurs placent 4 objectifs tactiques sur la table. Ceux-ci procurent des avantages \u00e0 celui qui les contr\u00f4le durant la partie.<\/p>\n<p>Disponible sur des socles de 40mm ou des socles de 32mm<\/p>\n<p>Imprim\u00e9s en R\u00e9sine ABS like (la couleur varie).<\/p>\n<p>Mod\u00e9lisation : Corentin Calvez et Samy &#8220;Esprit&#8221; Maronnier.<\/p>\n","protected":false},"excerpt":{"rendered":"<p>Au d\u00e9but de la partie, les joueurs placent 4 objectifs tactiques sur la table. Ceux-ci procurent des avantages \u00e0 celui qui les contr\u00f4le durant la partie. Disponible sur des socles de 40mm ou des socles de 32mm Imprim\u00e9s en R\u00e9sine ABS like (la couleur varie). Mod\u00e9lisation : Corentin Calvez et Samy &#8220;Esprit&#8221; Maronnier.<\/p>\n","protected":false},"featured_media":4060,"template":"","meta":{"_coblocks_attr":"","_coblocks_dimensions":"","_coblocks_responsive_height":"","_coblocks_accordion_ie_support":"","hide_page_title":""},"product_brand":[54],"product_cat":[17],"product_tag":[37,20],"class_list":{"0":"post-4057","1":"product","2":"type-product","3":"status-publish","4":"has-post-thumbnail","6":"product_brand-trashfire","7":"product_cat-mars-code-aurora","8":"product_tag-decors","9":"product_tag-objectifs","11":"first","12":"instock","13":"taxable","14":"shipping-taxable","15":"purchasable","16":"product-type-variable"},"_links":{"self":[{"href":"https:\/\/shop.trashfire.fr\/en\/wp-json\/wp\/v2\/product\/4057","targetHints":{"allow":["GET"]}}],"collection":[{"href":"https:\/\/shop.trashfire.fr\/en\/wp-json\/wp\/v2\/product"}],"about":[{"href":"https:\/\/shop.trashfire.fr\/en\/wp-json\/wp\/v2\/types\/product"}],"wp:featuredmedia":[{"embeddable":true,"href":"https:\/\/shop.trashfire.fr\/en\/wp-json\/wp\/v2\/media\/4060"}],"wp:attachment":[{"href":"https:\/\/shop.trashfire.fr\/en\/wp-json\/wp\/v2\/media?parent=4057"}],"wp:term":[{"taxonomy":"product_brand","embeddable":true,"href":"https:\/\/shop.trashfire.fr\/en\/wp-json\/wp\/v2\/product_brand?post=4057"},{"taxonomy":"product_cat","embeddable":true,"href":"https:\/\/shop.trashfire.fr\/en\/wp-json\/wp\/v2\/product_cat?post=4057"},{"taxonomy":"product_tag","embeddable":true,"href":"https:\/\/shop.trashfire.fr\/en\/wp-json\/wp\/v2\/product_tag?post=4057"}],"curies":[{"name":"wp","href":"https:\/\/api.w.org\/{rel}","templated":true}]}}