{"id":41,"date":"2025-02-25T14:46:13","date_gmt":"2025-02-25T13:46:13","guid":{"rendered":"https:\/\/shop.trashfire.fr\/?post_type=product&#038;p=41"},"modified":"2025-04-21T18:39:35","modified_gmt":"2025-04-21T16:39:35","slug":"predateur-geant","status":"publish","type":"product","link":"https:\/\/shop.trashfire.fr\/en\/produit\/predateur-geant\/","title":{"rendered":"Pr\u00e9dateur G\u00e9ant"},"content":{"rendered":"<p>Pr\u00e9dateur G\u00e9ant a jouer en cr\u00e9ature-non-joueuse ou recrutable dans votre Communaut\u00e9, cr\u00e9ature compatible avec Hami La Saga des Murmures.<br \/>\nFigurine et son socle 50mm<\/p>\n<p>Ne convient pas enfants de moins de 14 ans, n\u00e9cessite un assemblage et un collage.<\/p>\n<p>Impression 3D : Trashfire Studio \/ Alcyon Studio<\/p>\n<p>Mod\u00e9lisation: C\u00e9dric Snowmodel<\/p>\n","protected":false},"excerpt":{"rendered":"<p>Pr\u00e9dateur G\u00e9ant a jouer en cr\u00e9ature-non-joueuse ou recrutable dans votre Communaut\u00e9, cr\u00e9ature compatible avec Hami La Saga des Murmures. Figurine et son socle 50mm Ne convient pas enfants de moins de 14 ans, n\u00e9cessite un assemblage et un collage. Impression 3D : Trashfire Studio \/ Alcyon Studio Mod\u00e9lisation: C\u00e9dric Snowmodel<\/p>\n","protected":false},"featured_media":857,"template":"","meta":{"_coblocks_attr":"","_coblocks_dimensions":"","_coblocks_responsive_height":"","_coblocks_accordion_ie_support":"","hide_page_title":""},"product_brand":[55],"product_cat":[28,44],"product_tag":[18,19,30],"class_list":{"0":"post-41","1":"product","2":"type-product","3":"status-publish","4":"has-post-thumbnail","6":"product_brand-revves-creation","7":"product_cat-fantasy","8":"product_cat-hami","9":"product_tag-figurines","10":"product_tag-impression-3d","11":"product_tag-predateur","13":"first","14":"instock","15":"taxable","16":"shipping-taxable","17":"purchasable","18":"product-type-simple"},"_links":{"self":[{"href":"https:\/\/shop.trashfire.fr\/en\/wp-json\/wp\/v2\/product\/41","targetHints":{"allow":["GET"]}}],"collection":[{"href":"https:\/\/shop.trashfire.fr\/en\/wp-json\/wp\/v2\/product"}],"about":[{"href":"https:\/\/shop.trashfire.fr\/en\/wp-json\/wp\/v2\/types\/product"}],"wp:featuredmedia":[{"embeddable":true,"href":"https:\/\/shop.trashfire.fr\/en\/wp-json\/wp\/v2\/media\/857"}],"wp:attachment":[{"href":"https:\/\/shop.trashfire.fr\/en\/wp-json\/wp\/v2\/media?parent=41"}],"wp:term":[{"taxonomy":"product_brand","embeddable":true,"href":"https:\/\/shop.trashfire.fr\/en\/wp-json\/wp\/v2\/product_brand?post=41"},{"taxonomy":"product_cat","embeddable":true,"href":"https:\/\/shop.trashfire.fr\/en\/wp-json\/wp\/v2\/product_cat?post=41"},{"taxonomy":"product_tag","embeddable":true,"href":"https:\/\/shop.trashfire.fr\/en\/wp-json\/wp\/v2\/product_tag?post=41"}],"curies":[{"name":"wp","href":"https:\/\/api.w.org\/{rel}","templated":true}]}}