{"id":4163,"date":"2026-04-19T15:32:21","date_gmt":"2026-04-19T13:32:21","guid":{"rendered":"https:\/\/shop.trashfire.fr\/?post_type=product&#038;p=4163"},"modified":"2026-04-23T08:33:44","modified_gmt":"2026-04-23T06:33:44","slug":"set-de-demarrage-complet-roofer-numerique","status":"publish","type":"product","link":"https:\/\/shop.trashfire.fr\/en\/produit\/set-de-demarrage-complet-roofer-numerique\/","title":{"rendered":"Set de d\u00e9marrage complet Roofer"},"content":{"rendered":"<p>&#8211; Le Spot : Plateau de jeux en STL (optimis\u00e9 pour l&#8217;impression PLA, comprend deux parties de 4&#215;4 cases et des pieds pour sur\u00e9lever le terrain).<br \/>\n&#8211;<\/p>\n","protected":false},"excerpt":{"rendered":"<p>&#8211; Le Spot : Plateau de jeux en STL (optimis\u00e9 pour l&#8217;impression PLA, comprend deux parties de 4&#215;4 cases et des pieds pour sur\u00e9lever le terrain). &#8211;<\/p>\n","protected":false},"featured_media":4092,"template":"","meta":{"_coblocks_attr":"","_coblocks_dimensions":"","_coblocks_responsive_height":"","_coblocks_accordion_ie_support":"","hide_page_title":""},"product_brand":[100],"product_cat":[74],"product_tag":[],"class_list":{"0":"post-4163","1":"product","2":"type-product","3":"status-publish","4":"has-post-thumbnail","6":"product_brand-str","7":"product_cat-roofer","9":"first","10":"outofstock","11":"sale","12":"taxable","13":"shipping-taxable","14":"purchasable","15":"product-type-simple"},"_links":{"self":[{"href":"https:\/\/shop.trashfire.fr\/en\/wp-json\/wp\/v2\/product\/4163","targetHints":{"allow":["GET"]}}],"collection":[{"href":"https:\/\/shop.trashfire.fr\/en\/wp-json\/wp\/v2\/product"}],"about":[{"href":"https:\/\/shop.trashfire.fr\/en\/wp-json\/wp\/v2\/types\/product"}],"wp:featuredmedia":[{"embeddable":true,"href":"https:\/\/shop.trashfire.fr\/en\/wp-json\/wp\/v2\/media\/4092"}],"wp:attachment":[{"href":"https:\/\/shop.trashfire.fr\/en\/wp-json\/wp\/v2\/media?parent=4163"}],"wp:term":[{"taxonomy":"product_brand","embeddable":true,"href":"https:\/\/shop.trashfire.fr\/en\/wp-json\/wp\/v2\/product_brand?post=4163"},{"taxonomy":"product_cat","embeddable":true,"href":"https:\/\/shop.trashfire.fr\/en\/wp-json\/wp\/v2\/product_cat?post=4163"},{"taxonomy":"product_tag","embeddable":true,"href":"https:\/\/shop.trashfire.fr\/en\/wp-json\/wp\/v2\/product_tag?post=4163"}],"curies":[{"name":"wp","href":"https:\/\/api.w.org\/{rel}","templated":true}]}}