{"id":4164,"date":"2026-04-15T23:38:43","date_gmt":"2026-04-15T21:38:43","guid":{"rendered":"https:\/\/shop.trashfire.fr\/?post_type=product&#038;p=4164"},"modified":"2026-04-15T23:39:51","modified_gmt":"2026-04-15T21:39:51","slug":"lot-de-27-objectifs-mca-mission-de-base","status":"publish","type":"product","link":"https:\/\/shop.trashfire.fr\/en\/produit\/lot-de-27-objectifs-mca-mission-de-base\/","title":{"rendered":"Lot de 27 objectifs M:CA Mission de base"},"content":{"rendered":"<p>Le set des objectifs pour jouer toutes les missions du jeu de base de Mars : Code Aurora.<\/p>\n<p>&#8211; 1 VIP-Escorte<br \/>\n&#8211; 2 Sapeur<br \/>\n&#8211; 3 Sabotage (en deux parties)<br \/>\n&#8211; 6 drapeau<br \/>\n&#8211; 6 Recherche<br \/>\n&#8211; 9 R\u00e9cup\u00e9ration<\/p>\n<p>Disponibles en r\u00e9sine ou filament, la couleur peut varier.<\/p>\n<p>Mod\u00e8les par Samy Maronnier.<\/p>\n","protected":false},"excerpt":{"rendered":"<p>Le set des objectifs pour jouer toutes les missions du jeu de base de Mars : Code Aurora. &#8211; 1 VIP-Escorte &#8211; 2 Sapeur &#8211; 3 Sabotage (en deux parties) &#8211; 6 drapeau &#8211; 6 Recherche &#8211; 9 R\u00e9cup\u00e9ration Disponibles en r\u00e9sine ou filament, la couleur peut varier. Mod\u00e8les par Samy Maronnier.<\/p>\n","protected":false},"featured_media":4165,"template":"","meta":{"_coblocks_attr":"","_coblocks_dimensions":"","_coblocks_responsive_height":"","_coblocks_accordion_ie_support":"","hide_page_title":""},"product_brand":[],"product_cat":[17],"product_tag":[],"class_list":{"0":"post-4164","1":"product","2":"type-product","3":"status-publish","4":"has-post-thumbnail","6":"product_cat-mars-code-aurora","8":"first","9":"instock","10":"taxable","11":"shipping-taxable","12":"purchasable","13":"product-type-variable"},"_links":{"self":[{"href":"https:\/\/shop.trashfire.fr\/en\/wp-json\/wp\/v2\/product\/4164","targetHints":{"allow":["GET"]}}],"collection":[{"href":"https:\/\/shop.trashfire.fr\/en\/wp-json\/wp\/v2\/product"}],"about":[{"href":"https:\/\/shop.trashfire.fr\/en\/wp-json\/wp\/v2\/types\/product"}],"wp:featuredmedia":[{"embeddable":true,"href":"https:\/\/shop.trashfire.fr\/en\/wp-json\/wp\/v2\/media\/4165"}],"wp:attachment":[{"href":"https:\/\/shop.trashfire.fr\/en\/wp-json\/wp\/v2\/media?parent=4164"}],"wp:term":[{"taxonomy":"product_brand","embeddable":true,"href":"https:\/\/shop.trashfire.fr\/en\/wp-json\/wp\/v2\/product_brand?post=4164"},{"taxonomy":"product_cat","embeddable":true,"href":"https:\/\/shop.trashfire.fr\/en\/wp-json\/wp\/v2\/product_cat?post=4164"},{"taxonomy":"product_tag","embeddable":true,"href":"https:\/\/shop.trashfire.fr\/en\/wp-json\/wp\/v2\/product_tag?post=4164"}],"curies":[{"name":"wp","href":"https:\/\/api.w.org\/{rel}","templated":true}]}}