{"id":4219,"date":"2026-04-19T14:22:50","date_gmt":"2026-04-19T12:22:50","guid":{"rendered":"https:\/\/shop.trashfire.fr\/?post_type=product&#038;p=4219"},"modified":"2026-04-19T14:42:28","modified_gmt":"2026-04-19T12:42:28","slug":"set-roofer-starter-complet-stl","status":"publish","type":"product","link":"https:\/\/shop.trashfire.fr\/en\/produit\/set-roofer-starter-complet-stl\/","title":{"rendered":"Set Roofer Starter complet &#8211; STL"},"content":{"rendered":"<p>All in num\u00e9rique en STL comprenant tout le mat\u00e9riel de Roofer pour imprimer son jeu soit m\u00eame.<\/p>\n<p>&#8211; le Spot, 2 plateaux et 8 piliers<br \/>\n&#8211; cache carte<br \/>\n&#8211; Cam\u00e9ra et pions<br \/>\n&#8211; Trois roofers, socles et t\u00eates diff\u00e9rentes<br \/>\n&#8211; Borne de t\u00e9l\u00e9chargement<\/p>\n","protected":false},"excerpt":{"rendered":"<p>All in num\u00e9rique en STL comprenant tout le mat\u00e9riel de Roofer pour imprimer son jeu soit m\u00eame. &#8211; le Spot, 2 plateaux et 8 piliers &#8211; cache carte &#8211; Cam\u00e9ra et pions &#8211; Trois roofers, socles et t\u00eates diff\u00e9rentes &#8211; Borne de t\u00e9l\u00e9chargement<\/p>\n","protected":false},"featured_media":4222,"template":"","meta":{"_coblocks_attr":"","_coblocks_dimensions":"","_coblocks_responsive_height":"","_coblocks_accordion_ie_support":"","hide_page_title":""},"product_brand":[],"product_cat":[74],"product_tag":[],"class_list":{"0":"post-4219","1":"product","2":"type-product","3":"status-publish","4":"has-post-thumbnail","6":"product_cat-roofer","8":"first","9":"outofstock","10":"sold-individually","11":"taxable","12":"shipping-taxable","13":"purchasable","14":"product-type-simple"},"_links":{"self":[{"href":"https:\/\/shop.trashfire.fr\/en\/wp-json\/wp\/v2\/product\/4219","targetHints":{"allow":["GET"]}}],"collection":[{"href":"https:\/\/shop.trashfire.fr\/en\/wp-json\/wp\/v2\/product"}],"about":[{"href":"https:\/\/shop.trashfire.fr\/en\/wp-json\/wp\/v2\/types\/product"}],"wp:featuredmedia":[{"embeddable":true,"href":"https:\/\/shop.trashfire.fr\/en\/wp-json\/wp\/v2\/media\/4222"}],"wp:attachment":[{"href":"https:\/\/shop.trashfire.fr\/en\/wp-json\/wp\/v2\/media?parent=4219"}],"wp:term":[{"taxonomy":"product_brand","embeddable":true,"href":"https:\/\/shop.trashfire.fr\/en\/wp-json\/wp\/v2\/product_brand?post=4219"},{"taxonomy":"product_cat","embeddable":true,"href":"https:\/\/shop.trashfire.fr\/en\/wp-json\/wp\/v2\/product_cat?post=4219"},{"taxonomy":"product_tag","embeddable":true,"href":"https:\/\/shop.trashfire.fr\/en\/wp-json\/wp\/v2\/product_tag?post=4219"}],"curies":[{"name":"wp","href":"https:\/\/api.w.org\/{rel}","templated":true}]}}