{"id":4226,"date":"2026-04-19T16:22:05","date_gmt":"2026-04-19T14:22:05","guid":{"rendered":"https:\/\/shop.trashfire.fr\/?post_type=product&#038;p=4226"},"modified":"2026-04-23T08:41:49","modified_gmt":"2026-04-23T06:41:49","slug":"shanatek","status":"publish","type":"product","link":"https:\/\/shop.trashfire.fr\/en\/produit\/shanatek\/","title":{"rendered":"Shana&#8217;Tek"},"content":{"rendered":"<p>Pr\u00eatresse <span class=\"html-span xdj266r x14z9mp xat24cr x1lziwak xexx8yu xyri2b x18d9i69 x1c1uobl x1hl2dhg x16tdsg8 x1vvkbs x4k7w5x x1h91t0o x1h9r5lt x1jfb8zj xv2umb2 x1beo9mf xaigb6o x12ejxvf x3igimt xarpa2k xedcshv x1lytzrv x1t2pt76 x7ja8zs x1qrby5j\"><span class=\"x193iq5w xeuugli x13faqbe x1vvkbs x10flsy6 x1lliihq x1s928wv xhkezso x1gmr53x x1cpjm7i x1fgarty x1943h6x x4zkp8e x41vudc x6prxxf xvq8zen xo1l8bm xzsf02u\" dir=\"auto\">Shana&#8217;Tek de l&#8217;univers de EsoterrA.<br \/>\nRetrouver l&#8217;histoire de <a href=\"https:\/\/www.facebook.com\/Esoterrauniverse\" target=\"_blank\" rel=\"noopener\">Esoterra sur la page Facebook<\/a>.<br \/>\nS&#8217;adapte parfaitement pour diff\u00e9rents univers de fantasy dont Sol Brayn\u00efa.<br \/>\nStock limit\u00e9.<\/span><\/span><\/p>\n<p>Vendu non peint, Figurine en siocast.<br \/>\nSocle fourni de 25mm en PLA.<\/p>\n<p><strong>Galerie :\u00a0<\/strong><br \/>\n&#8211; Martin Grandbarbe,<br \/>\n&#8211; <span class=\"html-span xdj266r x14z9mp xat24cr x1lziwak xexx8yu xyri2b x18d9i69 x1c1uobl x1hl2dhg x16tdsg8 x1vvkbs x4k7w5x x1h91t0o x1h9r5lt x1jfb8zj xv2umb2 x1beo9mf xaigb6o x12ejxvf x3igimt xarpa2k xedcshv x1lytzrv x1t2pt76 x7ja8zs x1qrby5j\"><span class=\"x193iq5w xeuugli x13faqbe x1vvkbs x10flsy6 x1lliihq x1s928wv xhkezso x1gmr53x x1cpjm7i x1fgarty x1943h6x x4zkp8e x41vudc x6prxxf xvq8zen xo1l8bm xzsf02u\" dir=\"auto\">Oliver Sp\u00e4th<br \/>\n&#8211; Marike Reimer<br \/>\n&#8211; Josselin Moreau<br \/>\n&#8211; &#8220;Minus&#8221;<\/span><\/span><\/p>\n<p><strong>Sculpture<\/strong> : Aragorn Marks.<br \/>\n<strong>Concept art<\/strong>\u00a0: <span class=\"x193iq5w xeuugli x13faqbe x1vvkbs x10flsy6 x1lliihq x1s928wv xhkezso x1gmr53x x1cpjm7i x1fgarty x1943h6x x4zkp8e x41vudc x6prxxf xvq8zen xo1l8bm xzsf02u x1yc453h\" dir=\"auto\">Tim Chiesa<\/span><br \/>\n<strong>Concept Original<\/strong> : Josselin Moreau.<\/p>\n","protected":false},"excerpt":{"rendered":"<p>Pr\u00eatresse Shana&#8217;Tek de l&#8217;univers de EsoterrA. Retrouver l&#8217;histoire de Esoterra sur la page Facebook. S&#8217;adapte parfaitement pour diff\u00e9rents univers de fantasy dont Sol Brayn\u00efa. Stock limit\u00e9. Vendu non peint, Figurine en siocast. Socle fourni de 25mm en PLA. Galerie :\u00a0 &#8211; Martin Grandbarbe, &#8211; Oliver Sp\u00e4th &#8211; Marike Reimer &#8211; Josselin Moreau &#8211; &#8220;Minus&#8221; Sculpture [&hellip;]<\/p>\n","protected":false},"featured_media":4229,"template":"","meta":{"_coblocks_attr":"","_coblocks_dimensions":"","_coblocks_responsive_height":"","_coblocks_accordion_ie_support":"","hide_page_title":""},"product_brand":[],"product_cat":[102],"product_tag":[80,18,103,81],"class_list":{"0":"post-4226","1":"product","2":"type-product","3":"status-publish","4":"has-post-thumbnail","6":"product_cat-esoterra","7":"product_tag-cultistes","8":"product_tag-figurines","9":"product_tag-siocast","10":"product_tag-sorcier-e","12":"first","13":"instock","14":"taxable","15":"shipping-taxable","16":"purchasable","17":"product-type-simple"},"_links":{"self":[{"href":"https:\/\/shop.trashfire.fr\/en\/wp-json\/wp\/v2\/product\/4226","targetHints":{"allow":["GET"]}}],"collection":[{"href":"https:\/\/shop.trashfire.fr\/en\/wp-json\/wp\/v2\/product"}],"about":[{"href":"https:\/\/shop.trashfire.fr\/en\/wp-json\/wp\/v2\/types\/product"}],"wp:featuredmedia":[{"embeddable":true,"href":"https:\/\/shop.trashfire.fr\/en\/wp-json\/wp\/v2\/media\/4229"}],"wp:attachment":[{"href":"https:\/\/shop.trashfire.fr\/en\/wp-json\/wp\/v2\/media?parent=4226"}],"wp:term":[{"taxonomy":"product_brand","embeddable":true,"href":"https:\/\/shop.trashfire.fr\/en\/wp-json\/wp\/v2\/product_brand?post=4226"},{"taxonomy":"product_cat","embeddable":true,"href":"https:\/\/shop.trashfire.fr\/en\/wp-json\/wp\/v2\/product_cat?post=4226"},{"taxonomy":"product_tag","embeddable":true,"href":"https:\/\/shop.trashfire.fr\/en\/wp-json\/wp\/v2\/product_tag?post=4226"}],"curies":[{"name":"wp","href":"https:\/\/api.w.org\/{rel}","templated":true}]}}