{"id":44,"date":"2025-03-05T12:17:29","date_gmt":"2025-03-05T11:17:29","guid":{"rendered":"https:\/\/shop.trashfire.fr\/?post_type=product&#038;p=44"},"modified":"2025-06-04T22:09:09","modified_gmt":"2025-06-04T20:09:09","slug":"la-selection-de-minus","status":"publish","type":"product","link":"https:\/\/shop.trashfire.fr\/en\/produit\/la-selection-de-minus\/","title":{"rendered":"La cour de Messire Quentin de Montanbrun"},"content":{"rendered":"<h3>La cour de Messire Quentin de Montanbrun<\/h3>\n<p><em>La vie est faite de hauts et de bas. Un jour, on est intouchable. On est jeune, fort, et beau. On est un Seigneur, craint et respect\u00e9 de ses sujets. Puis la roue tourne et vient la maladie. La folie. Puis la ruine. C\u2019est ainsi que Messire Quentin de Montanbrun se retrouva \u00e0 courir en pleine nuit, nimb\u00e9 de flammes, apr\u00e8s avoir assassin\u00e9 toute sa famille et incendi\u00e9 son ch\u00e2teau suite \u00e0 une crise de d\u00e9mence.<\/em><br \/>\n<em>Il fut retrouv\u00e9 au pied d\u2019un talus, inconscient et nu, gravement br\u00fbl\u00e9 au visage et aux mains, par les rares rescap\u00e9s du brasier : Ysam le large, son garde du corps, Fr\u00e8re Ono le pieux, Zic-Zac le Germain, fou \u00e0 la cour, et pour finir A\u00ffe le simple, le gar\u00e7on d\u2019\u00e9curie qui le premier fut r\u00e9veill\u00e9 et sauva la vie des trois autres.<\/em><br \/>\n<em>Depuis, Messire Quentin de Montanbrun cherche la r\u00e9demption en bravant les dangers les plus insens\u00e9s et en affrontant les plus r\u00e9pugnantes cr\u00e9atures.<\/em><\/p>\n<h3>La fiche de bande<\/h3>\n<figure id=\"attachment_940\" style=\"width: 660px\"  class=\"wp-caption aligncenter\"><a href=\"https:\/\/shop.trashfire.fr\/wp-content\/uploads\/2024\/07\/Fiche-bande-Messire-Quentin.pdf\" target=\"_blank\" rel=\"noopener\"><img loading=\"lazy\" decoding=\"async\" class=\"wp-image-940 size-large\" src=\"https:\/\/shop.trashfire.fr\/wp-content\/uploads\/2024\/07\/Fiche-bande-Messire-Quentin-1024x724.jpg\" alt=\"\" width=\"660\" height=\"467\" \/><\/a><figcaption class=\"wp-caption-text\">Cliquez sur l&#8217;image pour t\u00e9l\u00e9charger le PDF.<\/figcaption><\/figure>\n<p>&nbsp;<\/p>\n<p>Set de 5 figurines <a href=\"https:\/\/www.myminifactory.com\/users\/VaeVictisMiniatures#\/\" target=\"_blank\" rel=\"noopener\">Vae Victis Miniatures<\/a> compatibles avec Forbidden Psalm s\u00e9lectionn\u00e9 par Minus.<\/p>\n<p>Produit par Trashfire.<\/p>\n","protected":false},"excerpt":{"rendered":"<p>La cour de Messire Quentin de Montanbrun La vie est faite de hauts et de bas. Un jour, on est intouchable. On est jeune, fort, et beau. On est un Seigneur, craint et respect\u00e9 de ses sujets. Puis la roue tourne et vient la maladie. La folie. Puis la ruine. C\u2019est ainsi que Messire Quentin [&hellip;]<\/p>\n","protected":false},"featured_media":347,"template":"","meta":{"_coblocks_attr":"","_coblocks_dimensions":"","_coblocks_responsive_height":"","_coblocks_accordion_ie_support":"","hide_page_title":""},"product_brand":[],"product_cat":[28,47],"product_tag":[18,48,19],"class_list":{"0":"post-44","1":"product","2":"type-product","3":"status-publish","4":"has-post-thumbnail","6":"product_cat-fantasy","7":"product_cat-vae-victis-miniatures","8":"product_tag-figurines","9":"product_tag-forbidden-psalm","10":"product_tag-impression-3d","12":"first","13":"instock","14":"taxable","15":"shipping-taxable","16":"purchasable","17":"product-type-simple"},"_links":{"self":[{"href":"https:\/\/shop.trashfire.fr\/en\/wp-json\/wp\/v2\/product\/44","targetHints":{"allow":["GET"]}}],"collection":[{"href":"https:\/\/shop.trashfire.fr\/en\/wp-json\/wp\/v2\/product"}],"about":[{"href":"https:\/\/shop.trashfire.fr\/en\/wp-json\/wp\/v2\/types\/product"}],"wp:featuredmedia":[{"embeddable":true,"href":"https:\/\/shop.trashfire.fr\/en\/wp-json\/wp\/v2\/media\/347"}],"wp:attachment":[{"href":"https:\/\/shop.trashfire.fr\/en\/wp-json\/wp\/v2\/media?parent=44"}],"wp:term":[{"taxonomy":"product_brand","embeddable":true,"href":"https:\/\/shop.trashfire.fr\/en\/wp-json\/wp\/v2\/product_brand?post=44"},{"taxonomy":"product_cat","embeddable":true,"href":"https:\/\/shop.trashfire.fr\/en\/wp-json\/wp\/v2\/product_cat?post=44"},{"taxonomy":"product_tag","embeddable":true,"href":"https:\/\/shop.trashfire.fr\/en\/wp-json\/wp\/v2\/product_tag?post=44"}],"curies":[{"name":"wp","href":"https:\/\/api.w.org\/{rel}","templated":true}]}}