{"id":45,"date":"2025-03-05T12:24:34","date_gmt":"2025-03-05T11:24:34","guid":{"rendered":"https:\/\/shop.trashfire.fr\/?post_type=product&#038;p=45"},"modified":"2026-02-06T01:58:29","modified_gmt":"2026-02-06T00:58:29","slug":"12-des-pour-mca","status":"publish","type":"product","link":"https:\/\/shop.trashfire.fr\/en\/produit\/12-des-pour-mca\/","title":{"rendered":"12 d\u00e9s pour M:CA"},"content":{"rendered":"<p>Lot de 12 d\u00e9s pour le syst\u00e8me ARES aux couleurs de M:CA.<br \/>\nLes d\u00e9s poss\u00e8des trois faces r\u00e9ussites avec un logo et trois faces \u00e9checs vides.<\/p>\n<p>Ils ont \u00e9t\u00e9 pr\u00e9vus pour Mars: Code Aurora mais pourront accompagner toutes vos parties des jeux du syst\u00e8me ARES (M:CA, Sol Brayn\u00efa, C.O.G.S. et Red Button Nation).<\/p>\n<p>&nbsp;<\/p>\n","protected":false},"excerpt":{"rendered":"<p>Lot de 12 d\u00e9s pour le syst\u00e8me ARES aux couleurs de M:CA. Les d\u00e9s poss\u00e8des trois faces r\u00e9ussites avec un logo et trois faces \u00e9checs vides. Ils ont \u00e9t\u00e9 pr\u00e9vus pour Mars: Code Aurora mais pourront accompagner toutes vos parties des jeux du syst\u00e8me ARES (M:CA, Sol Brayn\u00efa, C.O.G.S. et Red Button Nation). &nbsp;<\/p>\n","protected":false},"featured_media":355,"template":"","meta":{"_coblocks_attr":"","_coblocks_dimensions":"","_coblocks_responsive_height":"","_coblocks_accordion_ie_support":"","hide_page_title":""},"product_brand":[],"product_cat":[17,16],"product_tag":[],"class_list":{"0":"post-45","1":"product","2":"type-product","3":"status-publish","4":"has-post-thumbnail","6":"product_cat-mars-code-aurora","7":"product_cat-science-fiction","9":"first","10":"instock","11":"taxable","12":"shipping-taxable","13":"purchasable","14":"product-type-simple"},"_links":{"self":[{"href":"https:\/\/shop.trashfire.fr\/en\/wp-json\/wp\/v2\/product\/45","targetHints":{"allow":["GET"]}}],"collection":[{"href":"https:\/\/shop.trashfire.fr\/en\/wp-json\/wp\/v2\/product"}],"about":[{"href":"https:\/\/shop.trashfire.fr\/en\/wp-json\/wp\/v2\/types\/product"}],"wp:featuredmedia":[{"embeddable":true,"href":"https:\/\/shop.trashfire.fr\/en\/wp-json\/wp\/v2\/media\/355"}],"wp:attachment":[{"href":"https:\/\/shop.trashfire.fr\/en\/wp-json\/wp\/v2\/media?parent=45"}],"wp:term":[{"taxonomy":"product_brand","embeddable":true,"href":"https:\/\/shop.trashfire.fr\/en\/wp-json\/wp\/v2\/product_brand?post=45"},{"taxonomy":"product_cat","embeddable":true,"href":"https:\/\/shop.trashfire.fr\/en\/wp-json\/wp\/v2\/product_cat?post=45"},{"taxonomy":"product_tag","embeddable":true,"href":"https:\/\/shop.trashfire.fr\/en\/wp-json\/wp\/v2\/product_tag?post=45"}],"curies":[{"name":"wp","href":"https:\/\/api.w.org\/{rel}","templated":true}]}}